{"id":157,"date":"2018-05-12T12:26:09","date_gmt":"2018-05-12T12:26:09","guid":{"rendered":"http:\/\/www.masitools.fi\/?page_id=157"},"modified":"2026-04-30T14:29:40","modified_gmt":"2026-04-30T11:29:40","slug":"about","status":"publish","type":"page","link":"https:\/\/www.masitools.fi\/sv\/","title":{"rendered":"F\u00f6rstasida"},"content":{"rendered":"\n<h2>\n\t\t\tF\u00f6r enklare tr\u00e4dg\u00e5rdsarbete\t<\/h2>\n\t<p>Masi-produktfamiljen omfattar ett av marknadens mest omfattande sortiment av tr\u00e4dg\u00e5rdsredskap. Utbudet t\u00e4cker en m\u00e4ngd olika l\u00f6sningar f\u00f6r alla typer av tr\u00e4dg\u00e5rdsarbete, b\u00e5de f\u00f6r yrkesanv\u00e4ndare och privatpersoner. Utforska sortimentet!<\/p>\n<h2>\n\t\t\tDe b\u00e4sta verktygen f\u00f6r din tr\u00e4dg\u00e5rd\t<\/h2>\n\t\t\t\t<a href=\"https:\/\/www.masitools.fi\/sv\/produkter\/snosladar\/\"  target=\"_self\" itemprop=\"url\">\n\t\t\t\t<img decoding=\"async\" src=\"https:\/\/www.masitools.fi\/wp-content\/uploads\/2026\/04\/Rectangle-5-scaled.png\" alt=\"Rectangle 5\" itemprop=\"image\" height=\"2560\" width=\"2560\" title=\"Rectangle 5\" onerror=\"this.style.display='none'\" loading=\"lazy\" \/>\n\t\t\t\t<\/a>\n<h3>\n\t\t<a href=\"https:\/\/www.masitools.fi\/sv\/produkter\/spadar-och-skyfflar\/\" title=\"Spadar och skyfflar\"  target=\"_self\">\n\t\t\tSpadar och skyfflar\t\t<\/a>\n\t<\/h3>\n\t\t\t<a href=\"https:\/\/www.masitools.fi\/sv\/produkter\/spadar-och-skyfflar\/\" target=\"_self\">\n\t\t\t\t\t\t\tSe Urval\n\t\t\t\t\t<\/a>\n\t\t\t\t<a href=\"https:\/\/www.masitools.fi\/sv\/produkter\/rafsor\/\"  target=\"_self\" itemprop=\"url\">\n\t\t\t\t<img decoding=\"async\" src=\"https:\/\/www.masitools.fi\/wp-content\/uploads\/2026\/04\/Rectangle-9-scaled.png\" alt=\"Rectangle 9\" itemprop=\"image\" height=\"2560\" width=\"2560\" title=\"Rectangle 9\" onerror=\"this.style.display='none'\" loading=\"lazy\" \/>\n\t\t\t\t<\/a>\n<h3>\n\t\t<a href=\"https:\/\/www.masitools.fi\/sv\/produkter\/rafsor\/\" title=\"R\u00e4fsor\"  target=\"_self\">\n\t\t\tR\u00e4fsor\t\t<\/a>\n\t<\/h3>\n\t\t\t<a href=\"https:\/\/www.masitools.fi\/sv\/produkter\/rafsor\/\" target=\"_self\">\n\t\t\t\t\t\t\tSe Urval\n\t\t\t\t\t<\/a>\n\t\t\t\t<a href=\"https:\/\/www.masitools.fi\/sv\/produkter\/fritid-sv\/\"  target=\"_self\" itemprop=\"url\">\n\t\t\t\t<img decoding=\"async\" src=\"https:\/\/www.masitools.fi\/wp-content\/uploads\/2026\/04\/yleis-scaled.png\" alt=\"yleis\" itemprop=\"image\" height=\"2560\" width=\"2560\" title=\"yleis\" onerror=\"this.style.display='none'\" loading=\"lazy\" \/>\n\t\t\t\t<\/a>\n<h3>\n\t\t<a href=\"https:\/\/www.masitools.fi\/sv\/produkter\/al-tradgardsverktyg\/\" title=\"AL -tr\u00e4dg\u00e5rdsverktyg\"  target=\"_self\">\n\t\t\tAL -tr\u00e4dg\u00e5rdsverktyg\t\t<\/a>\n\t<\/h3>\n\t\t\t<a href=\"https:\/\/www.masitools.fi\/sv\/produkter\/al-tradgardsverktyg\/\" target=\"_self\">\n\t\t\t\t\t\t\tSe Urval\n\t\t\t\t\t<\/a>\n<h2>\n\t\t\tMasi-verktyg\t<\/h2>\n\t\t\t\t<a href=\"https:\/\/www.masitools.fi\/sv\/produkter\/snosladar\/\"  target=\"_self\" itemprop=\"url\">\n\t\t\t\t<img decoding=\"async\" src=\"https:\/\/www.masitools.fi\/wp-content\/uploads\/2021\/08\/Lumikolat.png\" alt=\"snosladar\" itemprop=\"image\" height=\"329\" width=\"367\" title=\"snosladar\" onerror=\"this.style.display='none'\" loading=\"lazy\" \/>\n\t\t\t\t<\/a>\n<h3>\n\t\t<a href=\"https:\/\/www.masitools.fi\/sv\/produkter\/snosladar\/\" title=\"Sn\u00f6sl\u00e4dar\"  target=\"_self\">\n\t\t\tSn\u00f6sl\u00e4dar\t\t<\/a>\n\t<\/h3>\n\t\t\t<a href=\"https:\/\/www.masitools.fi\/sv\/produkter\/snosladar\/\" target=\"_self\">\n\t\t\t\t\t\t\tSe Urval\n\t\t\t\t\t<\/a>\n\t\t\t\t<a href=\"https:\/\/www.masitools.fi\/sv\/produkter\/snorakor-och-skyfflar\/\"  target=\"_self\" itemprop=\"url\">\n\t\t\t\t<img decoding=\"async\" src=\"https:\/\/www.masitools.fi\/wp-content\/uploads\/2023\/09\/lapiot_tyontimet_.png\" alt=\"lapiot_tyontimet_\" itemprop=\"image\" height=\"329\" width=\"367\" title=\"lapiot_tyontimet_\" onerror=\"this.style.display='none'\" loading=\"lazy\" \/>\n\t\t\t\t<\/a>\n<h3>\n\t\t<a href=\"https:\/\/www.masitools.fi\/sv\/produkter\/snorakor-och-skyfflar\/\" title=\"Sn\u00f6rakor och skyfflar\"  target=\"_self\">\n\t\t\tSn\u00f6rakor och skyfflar\t\t<\/a>\n\t<\/h3>\n\t\t\t<a href=\"https:\/\/www.masitools.fi\/sv\/produkter\/snorakor-och-skyfflar\/\" target=\"_self\">\n\t\t\t\t\t\t\tSe Urval\n\t\t\t\t\t<\/a>\n\t\t\t\t<a href=\"https:\/\/www.masitools.fi\/sv\/produkter\/fritid-sv\/\"  target=\"_self\" itemprop=\"url\">\n\t\t\t\t<img decoding=\"async\" src=\"https:\/\/www.masitools.fi\/wp-content\/uploads\/2021\/08\/vapaa-aika.png\" alt=\"fritid\" itemprop=\"image\" height=\"329\" width=\"367\" title=\"fritid\" onerror=\"this.style.display='none'\" loading=\"lazy\" \/>\n\t\t\t\t<\/a>\n<h3>\n\t\t<a href=\"https:\/\/www.masitools.fi\/sv\/produkter\/fritid-sv\/\" title=\"Fritid\"  target=\"_self\">\n\t\t\tFritid\t\t<\/a>\n\t<\/h3>\n\t\t\t<a href=\"https:\/\/www.masitools.fi\/sv\/produkter\/fritid-sv\/\" target=\"_self\">\n\t\t\t\t\t\t\tSe Urval\n\t\t\t\t\t<\/a>\n\t\t\t\t<a href=\"https:\/\/www.masitools.fi\/sv\/produkter\/verktyg-for-proffs-sv\/\"  target=\"_self\" itemprop=\"url\">\n\t\t\t\t<img decoding=\"async\" src=\"https:\/\/www.masitools.fi\/wp-content\/uploads\/2021\/08\/ammattilaisille.png\" alt=\"proffs\" itemprop=\"image\" height=\"329\" width=\"367\" title=\"proffs\" onerror=\"this.style.display='none'\" loading=\"lazy\" \/>\n\t\t\t\t<\/a>\n<h3>\n\t\t<a href=\"https:\/\/www.masitools.fi\/sv\/produkter\/verktyg-for-proffs-sv\/\" title=\"Verktyg f\u00f6r proffs\"  target=\"_self\">\n\t\t\tVerktyg f\u00f6r proffs\t\t<\/a>\n\t<\/h3>\n\t\t\t<a href=\"https:\/\/www.masitools.fi\/sv\/produkter\/verktyg-for-proffs-sv\/\" target=\"_self\">\n\t\t\t\t\t\t\tSe Urval\n\t\t\t\t\t<\/a>\n<h2>\n\t\t\tproduktkategori\t<\/h2>\n\t\t\t\t<a href=\"https:\/\/www.masitools.fi\/sv\/produkter\/pro-sv\/\"  target=\"_self\" itemprop=\"url\">\n\t\t\t\t<img decoding=\"async\" src=\"https:\/\/www.masitools.fi\/wp-content\/uploads\/2021\/09\/Pro-2.jpg\" alt=\"Pro-2\" itemprop=\"image\" height=\"262\" width=\"437\" title=\"Pro-2\" onerror=\"this.style.display='none'\" loading=\"lazy\" \/>\n\t\t\t\t<\/a>\n\t<p>Produkter med PRO-m\u00e4rkning \u00e4r s\u00e4rskilt l\u00e4mpliga f\u00f6r professionell anv\u00e4ndning.<\/p>\n\t\t\t<a href=\"https:\/\/www.masitools.fi\/sv\/produkter\/pro-sv\/\" target=\"_self\">\n\t\t\t\t\t\t\tSe Urval\n\t\t\t\t\t<\/a>\n\t\t\t\t<a href=\"https:\/\/www.masitools.fi\/sv\/produkter\/ergo-sv\/\"  target=\"_self\" itemprop=\"url\">\n\t\t\t\t<img decoding=\"async\" src=\"https:\/\/www.masitools.fi\/wp-content\/uploads\/2021\/09\/Ergo-2.jpg\" alt=\"Ergo-2\" itemprop=\"image\" height=\"262\" width=\"437\" title=\"Ergo-2\" onerror=\"this.style.display='none'\" loading=\"lazy\" \/>\n\t\t\t\t<\/a>\n\t<p>ERGO \u00e4r m\u00e4rket som visar att verktyget som utvecklats med tanke p\u00e5 b\u00e4sta ergonomi.<\/p>\n\n\t\t\t<a href=\"https:\/\/www.masitools.fi\/sv\/produkter\/ergo-sv\/\" target=\"_self\">\n\t\t\t\t\t\t\tSe Urval\n\t\t\t\t\t<\/a>\n\t\t\t\t<a href=\"https:\/\/www.masitools.fi\/sv\/produkter\/grip-sv\/\"  target=\"_self\" itemprop=\"url\">\n\t\t\t\t<img decoding=\"async\" src=\"https:\/\/www.masitools.fi\/wp-content\/uploads\/2021\/09\/Grip-2.jpg\" alt=\"Grip-2\" itemprop=\"image\" height=\"262\" width=\"437\" title=\"Grip-2\" onerror=\"this.style.display='none'\" loading=\"lazy\" \/>\n\t\t\t\t<\/a>\n\t<p>Spadarna har nu ett nytt, stabilare och varmare TPV-grepp.\u00a0<\/p>\n\t\t\t<a href=\"https:\/\/www.https:\/\/www.masitools.fi\/sv\/produkter\/grip-sv\/\" target=\"_self\">\n\t\t\t\t\t\t\tSe Urval\n\t\t\t\t\t<\/a>\n\n","protected":false},"excerpt":{"rendered":"<p>F\u00f6r enklare tr\u00e4dg\u00e5rdsarbete Masi-produktfamiljen omfattar ett av marknadens mest omfattande sortiment av tr\u00e4dg\u00e5rdsredskap. Utbudet t\u00e4cker en m\u00e4ngd olika l\u00f6sningar f\u00f6r alla typer av tr\u00e4dg\u00e5rdsarbete, b\u00e5de f\u00f6r yrkesanv\u00e4ndare och privatpersoner. Utforska sortimentet! De b\u00e4sta verktygen f\u00f6r din tr\u00e4dg\u00e5rd Spadar och skyfflar Se Urval R\u00e4fsor Se Urval AL -tr\u00e4dg\u00e5rdsverktyg Se Urval Masi-verktyg Sn\u00f6sl\u00e4dar Se Urval Sn\u00f6rakor och&hellip;<\/p>\n","protected":false},"author":1,"featured_media":0,"parent":0,"menu_order":0,"comment_status":"closed","ping_status":"open","template":"","meta":{"_acf_changed":false,"footnotes":""},"class_list":["post-157","page","type-page","status-publish","hentry"],"acf":[],"yoast_head":"<!-- This site is optimized with the Yoast SEO plugin v26.6 - https:\/\/yoast.com\/wordpress\/plugins\/seo\/ -->\n<title>F\u00f6rstasida - Masitools<\/title>\n<meta name=\"description\" content=\"Masi sn\u00f6redskapssortimentet \u00e4r det st\u00f6rsta p\u00e5 marknaden. Masi erbjuder r\u00e4tt verktyg f\u00f6r alla typer av sn\u00f6arbeten\" \/>\n<meta name=\"robots\" content=\"index, follow, max-snippet:-1, max-image-preview:large, max-video-preview:-1\" \/>\n<link rel=\"canonical\" href=\"https:\/\/www.masitools.fi\/sv\/\" \/>\n<meta property=\"og:locale\" content=\"sv_SE\" \/>\n<meta property=\"og:type\" content=\"article\" \/>\n<meta property=\"og:title\" content=\"F\u00f6rstasida - Masitools\" \/>\n<meta property=\"og:description\" content=\"Masi sn\u00f6redskapssortimentet \u00e4r det st\u00f6rsta p\u00e5 marknaden. Masi erbjuder r\u00e4tt verktyg f\u00f6r alla typer av sn\u00f6arbeten\" \/>\n<meta property=\"og:url\" content=\"https:\/\/www.masitools.fi\/sv\/\" \/>\n<meta property=\"og:site_name\" content=\"Masitools\" \/>\n<meta property=\"article:publisher\" content=\"https:\/\/www.facebook.com\/Masitools\/\" \/>\n<meta property=\"article:modified_time\" content=\"2026-04-30T11:29:40+00:00\" \/>\n<meta property=\"og:image\" content=\"https:\/\/www.masitools.fi\/wp-content\/uploads\/2026\/04\/Rectangle-5-scaled.png\" \/>\n<meta name=\"twitter:card\" content=\"summary_large_image\" \/>\n<meta name=\"twitter:label1\" content=\"Ber\u00e4knad l\u00e4stid\" \/>\n\t<meta name=\"twitter:data1\" content=\"4 minuter\" \/>\n<script type=\"application\/ld+json\" class=\"yoast-schema-graph\">{\"@context\":\"https:\/\/schema.org\",\"@graph\":[{\"@type\":\"WebPage\",\"@id\":\"https:\/\/www.masitools.fi\/sv\/\",\"url\":\"https:\/\/www.masitools.fi\/sv\/\",\"name\":\"F\u00f6rstasida - Masitools\",\"isPartOf\":{\"@id\":\"https:\/\/www.masitools.fi\/fi\/#website\"},\"primaryImageOfPage\":{\"@id\":\"https:\/\/www.masitools.fi\/sv\/#primaryimage\"},\"image\":{\"@id\":\"https:\/\/www.masitools.fi\/sv\/#primaryimage\"},\"thumbnailUrl\":\"https:\/\/www.masitools.fi\/wp-content\/uploads\/2026\/04\/Rectangle-5-scaled.png\",\"datePublished\":\"2018-05-12T12:26:09+00:00\",\"dateModified\":\"2026-04-30T11:29:40+00:00\",\"description\":\"Masi sn\u00f6redskapssortimentet \u00e4r det st\u00f6rsta p\u00e5 marknaden. Masi erbjuder r\u00e4tt verktyg f\u00f6r alla typer av sn\u00f6arbeten\",\"breadcrumb\":{\"@id\":\"https:\/\/www.masitools.fi\/sv\/#breadcrumb\"},\"inLanguage\":\"sv-SE\",\"potentialAction\":[{\"@type\":\"ReadAction\",\"target\":[\"https:\/\/www.masitools.fi\/sv\/\"]}]},{\"@type\":\"ImageObject\",\"inLanguage\":\"sv-SE\",\"@id\":\"https:\/\/www.masitools.fi\/sv\/#primaryimage\",\"url\":\"https:\/\/www.masitools.fi\/wp-content\/uploads\/2026\/04\/Rectangle-5-scaled.png\",\"contentUrl\":\"https:\/\/www.masitools.fi\/wp-content\/uploads\/2026\/04\/Rectangle-5-scaled.png\"},{\"@type\":\"BreadcrumbList\",\"@id\":\"https:\/\/www.masitools.fi\/sv\/#breadcrumb\",\"itemListElement\":[{\"@type\":\"ListItem\",\"position\":1,\"name\":\"Home\",\"item\":\"https:\/\/www.masitools.fi\/sv\/\"},{\"@type\":\"ListItem\",\"position\":2,\"name\":\"F\u00f6rstasida\"}]},{\"@type\":\"WebSite\",\"@id\":\"https:\/\/www.masitools.fi\/fi\/#website\",\"url\":\"https:\/\/www.masitools.fi\/fi\/\",\"name\":\"Masitools\",\"description\":\"\",\"publisher\":{\"@id\":\"https:\/\/www.masitools.fi\/fi\/#organization\"},\"potentialAction\":[{\"@type\":\"SearchAction\",\"target\":{\"@type\":\"EntryPoint\",\"urlTemplate\":\"https:\/\/www.masitools.fi\/fi\/?s={search_term_string}\"},\"query-input\":{\"@type\":\"PropertyValueSpecification\",\"valueRequired\":true,\"valueName\":\"search_term_string\"}}],\"inLanguage\":\"sv-SE\"},{\"@type\":\"Organization\",\"@id\":\"https:\/\/www.masitools.fi\/fi\/#organization\",\"name\":\"Masitools\",\"url\":\"https:\/\/www.masitools.fi\/fi\/\",\"logo\":{\"@type\":\"ImageObject\",\"inLanguage\":\"sv-SE\",\"@id\":\"https:\/\/www.masitools.fi\/fi\/#\/schema\/logo\/image\/\",\"url\":\"https:\/\/www.masitools.fi\/wp-content\/uploads\/2019\/08\/masi-favicon.png\",\"contentUrl\":\"https:\/\/www.masitools.fi\/wp-content\/uploads\/2019\/08\/masi-favicon.png\",\"width\":512,\"height\":512,\"caption\":\"Masitools\"},\"image\":{\"@id\":\"https:\/\/www.masitools.fi\/fi\/#\/schema\/logo\/image\/\"},\"sameAs\":[\"https:\/\/www.facebook.com\/Masitools\/\"]}]}<\/script>\n<!-- \/ Yoast SEO plugin. -->","yoast_head_json":{"title":"F\u00f6rstasida - Masitools","description":"Masi sn\u00f6redskapssortimentet \u00e4r det st\u00f6rsta p\u00e5 marknaden. Masi erbjuder r\u00e4tt verktyg f\u00f6r alla typer av sn\u00f6arbeten","robots":{"index":"index","follow":"follow","max-snippet":"max-snippet:-1","max-image-preview":"max-image-preview:large","max-video-preview":"max-video-preview:-1"},"canonical":"https:\/\/www.masitools.fi\/sv\/","og_locale":"sv_SE","og_type":"article","og_title":"F\u00f6rstasida - Masitools","og_description":"Masi sn\u00f6redskapssortimentet \u00e4r det st\u00f6rsta p\u00e5 marknaden. Masi erbjuder r\u00e4tt verktyg f\u00f6r alla typer av sn\u00f6arbeten","og_url":"https:\/\/www.masitools.fi\/sv\/","og_site_name":"Masitools","article_publisher":"https:\/\/www.facebook.com\/Masitools\/","article_modified_time":"2026-04-30T11:29:40+00:00","og_image":[{"url":"https:\/\/www.masitools.fi\/wp-content\/uploads\/2026\/04\/Rectangle-5-scaled.png","type":"","width":"","height":""}],"twitter_card":"summary_large_image","twitter_misc":{"Ber\u00e4knad l\u00e4stid":"4 minuter"},"schema":{"@context":"https:\/\/schema.org","@graph":[{"@type":"WebPage","@id":"https:\/\/www.masitools.fi\/sv\/","url":"https:\/\/www.masitools.fi\/sv\/","name":"F\u00f6rstasida - Masitools","isPartOf":{"@id":"https:\/\/www.masitools.fi\/fi\/#website"},"primaryImageOfPage":{"@id":"https:\/\/www.masitools.fi\/sv\/#primaryimage"},"image":{"@id":"https:\/\/www.masitools.fi\/sv\/#primaryimage"},"thumbnailUrl":"https:\/\/www.masitools.fi\/wp-content\/uploads\/2026\/04\/Rectangle-5-scaled.png","datePublished":"2018-05-12T12:26:09+00:00","dateModified":"2026-04-30T11:29:40+00:00","description":"Masi sn\u00f6redskapssortimentet \u00e4r det st\u00f6rsta p\u00e5 marknaden. Masi erbjuder r\u00e4tt verktyg f\u00f6r alla typer av sn\u00f6arbeten","breadcrumb":{"@id":"https:\/\/www.masitools.fi\/sv\/#breadcrumb"},"inLanguage":"sv-SE","potentialAction":[{"@type":"ReadAction","target":["https:\/\/www.masitools.fi\/sv\/"]}]},{"@type":"ImageObject","inLanguage":"sv-SE","@id":"https:\/\/www.masitools.fi\/sv\/#primaryimage","url":"https:\/\/www.masitools.fi\/wp-content\/uploads\/2026\/04\/Rectangle-5-scaled.png","contentUrl":"https:\/\/www.masitools.fi\/wp-content\/uploads\/2026\/04\/Rectangle-5-scaled.png"},{"@type":"BreadcrumbList","@id":"https:\/\/www.masitools.fi\/sv\/#breadcrumb","itemListElement":[{"@type":"ListItem","position":1,"name":"Home","item":"https:\/\/www.masitools.fi\/sv\/"},{"@type":"ListItem","position":2,"name":"F\u00f6rstasida"}]},{"@type":"WebSite","@id":"https:\/\/www.masitools.fi\/fi\/#website","url":"https:\/\/www.masitools.fi\/fi\/","name":"Masitools","description":"","publisher":{"@id":"https:\/\/www.masitools.fi\/fi\/#organization"},"potentialAction":[{"@type":"SearchAction","target":{"@type":"EntryPoint","urlTemplate":"https:\/\/www.masitools.fi\/fi\/?s={search_term_string}"},"query-input":{"@type":"PropertyValueSpecification","valueRequired":true,"valueName":"search_term_string"}}],"inLanguage":"sv-SE"},{"@type":"Organization","@id":"https:\/\/www.masitools.fi\/fi\/#organization","name":"Masitools","url":"https:\/\/www.masitools.fi\/fi\/","logo":{"@type":"ImageObject","inLanguage":"sv-SE","@id":"https:\/\/www.masitools.fi\/fi\/#\/schema\/logo\/image\/","url":"https:\/\/www.masitools.fi\/wp-content\/uploads\/2019\/08\/masi-favicon.png","contentUrl":"https:\/\/www.masitools.fi\/wp-content\/uploads\/2019\/08\/masi-favicon.png","width":512,"height":512,"caption":"Masitools"},"image":{"@id":"https:\/\/www.masitools.fi\/fi\/#\/schema\/logo\/image\/"},"sameAs":["https:\/\/www.facebook.com\/Masitools\/"]}]}},"_links":{"self":[{"href":"https:\/\/www.masitools.fi\/sv\/wp-json\/wp\/v2\/pages\/157","targetHints":{"allow":["GET"]}}],"collection":[{"href":"https:\/\/www.masitools.fi\/sv\/wp-json\/wp\/v2\/pages"}],"about":[{"href":"https:\/\/www.masitools.fi\/sv\/wp-json\/wp\/v2\/types\/page"}],"author":[{"embeddable":true,"href":"https:\/\/www.masitools.fi\/sv\/wp-json\/wp\/v2\/users\/1"}],"replies":[{"embeddable":true,"href":"https:\/\/www.masitools.fi\/sv\/wp-json\/wp\/v2\/comments?post=157"}],"version-history":[{"count":12,"href":"https:\/\/www.masitools.fi\/sv\/wp-json\/wp\/v2\/pages\/157\/revisions"}],"predecessor-version":[{"id":4598,"href":"https:\/\/www.masitools.fi\/sv\/wp-json\/wp\/v2\/pages\/157\/revisions\/4598"}],"wp:attachment":[{"href":"https:\/\/www.masitools.fi\/sv\/wp-json\/wp\/v2\/media?parent=157"}],"curies":[{"name":"wp","href":"https:\/\/api.w.org\/{rel}","templated":true}]}}