{"id":1246,"date":"2019-08-16T12:59:51","date_gmt":"2019-08-16T09:59:51","guid":{"rendered":"http:\/\/www.masitools.fi\/?page_id=1246"},"modified":"2021-09-17T14:59:01","modified_gmt":"2021-09-17T11:59:01","slug":"tietosuojakaytanto-sv","status":"publish","type":"page","link":"https:\/\/www.masitools.fi\/sv\/tietosuojakaytanto-sv\/","title":{"rendered":"Anv\u00e4ndning av cookies och Integritetspolicy"},"content":{"rendered":"<p>Vi anv\u00e4nder cookies eller liknande teknik p\u00e5 v\u00e5r webbplats. Cookies \u00e4r korta textfiler som sparas i din webbl\u00e4sare n\u00e4r du bes\u00f6ker olika onlinetj\u00e4nster.\u00a0Cookies till\u00e5ter webbplatsen att identifiera datorn du anv\u00e4nder. Den information som samlas in av cookies anv\u00e4nds till exempel\u00a0till att:\u00a0anpassa anv\u00e4ndarupplevelsen, inrikta sig p\u00e5 marknadsf\u00f6ring, utveckla och f\u00f6rb\u00e4ttra webbtj\u00e4nsten<b>,\u00a0<\/b>samt\u00a0att<s>\u00a0<\/s>sp\u00e5ra och analysera bes\u00f6kares information.\u00a0Cookieinformationen samlas inte in, och anv\u00e4nds endast p\u00e5 en allm\u00e4n niv\u00e5. Du kan v\u00e4lja att ta bort cookies lagrade i din webbl\u00e4sare, men att ta bort dem kan f\u00f6rhindra eller st\u00f6ra anv\u00e4ndning av sajten.<\/p>\n<p><strong>Allm\u00e4nt om integritetspolicyn<br \/>\n<\/strong>Denna integritetspolicy beskriver vilka personuppgifter och andra uppgifter vi samlar in och hur vi behandlar dessa uppgifter.\u00a0Med personuppgifter avses information som kan identifiera en enskild person.\u00a0Motoseal Components Oy iakttar dataskyddslagstiftningen och behandlar personuppgifter i enlighet med god databehandlings- och informationshanteringssed.<\/p>\n<p><strong>Vilka data samlar vi in och fr\u00e5n vilka k\u00e4llor?<br \/>\n<\/strong>Personuppgifter samlas huvudsakligen in av anv\u00e4ndaren sj\u00e4lv i samband med respons.Uppgifter som anv\u00e4ndaren sj\u00e4lv uppger: kontaktuppgifter, t.ex. namn och e-postadress n\u00e4r anv\u00e4ndaren fyller i responsblanketter p\u00e5 masitools.fi.\u00a0Uppgifter som observeras om anv\u00e4ndningen av tj\u00e4nster:Anv\u00e4ndning av tj\u00e4nstens olika funktioner samt sidvisningar<\/p>\n<p>Information om anv\u00e4ndningen av webbplatsen samlas in med Google Analytics. F\u00f6r att Google Analytics ska kunna analysera anv\u00e4ndningen av webbplatsen placeras cookies i datorn. Cookies ger information om hur du anv\u00e4nder webbplatsen (ocks\u00e5 IP-adressen). Informationen anv\u00e4nds f\u00f6r att analysera anv\u00e4ndningen av webbplatsen, sammanst\u00e4lla rapporter om anv\u00e4ndningen till webbplatsens \u00e4gare och erbjuda andra tj\u00e4nster i anknytning till webbplatsens aktiviteter och anv\u00e4ndningen av internet.<\/p>\n<p><strong>F\u00f6r vilka \u00e4ndam\u00e5l samlar vi in data?<br \/>\n<\/strong>Vid Motoseal Components Oy kan personuppgifter behandlas f\u00f6r f\u00f6ljande \u00e4ndam\u00e5l:<\/p>\n<ul>\n<li>\u00a0f\u00f6r att svara p\u00e5 respons<\/li>\n<li>\u00a0producera, uppr\u00e4tth\u00e5lla, skydda och utveckla tj\u00e4nster<\/li>\n<\/ul>\n<p><strong>L\u00e4mnas personuppgifterna ut?<br \/>\n<\/strong>Motoseal Components Oy l\u00e4mnar inte ut personuppgifter. Dina uppgifter kan dock l\u00e4mnas ut i f\u00f6ljande situationer:\u00a0Utl\u00e4mnande av personuppgifter p\u00e5 grund av tvingande lagstiftning. Dina personuppgifter kan enligt lag l\u00e4mnas ut till andra myndigheter f\u00f6r myndighetsanv\u00e4ndning.<\/p>\n<p><strong>Hur behandlar vi personuppgifter?<br \/>\n<\/strong>V\u00e5r personal kan behandla personuppgifter i enlighet med g\u00e4llande dataskyddslagstiftning.<\/p>\n<p><strong>Hur l\u00e4nge sparar vi dina uppgifter?<br \/>\n<\/strong>Motoseal Compionents sparar dina uppgifter i enlighet med g\u00e4llande lagstiftning och endast s\u00e5 l\u00e4nge som det \u00e4r n\u00f6dv\u00e4ndigt f\u00f6r att genomf\u00f6ra de \u00e4ndam\u00e5l som beskrivs i denna integritetspolicy. Vi kommer att radera dina personuppgifter n\u00e4r grunden f\u00f6r att behandla dem upph\u00f6r.<\/p>\n<p><strong>Vilka r\u00e4ttigheter har du?<br \/>\n<\/strong>Enligt lag har du r\u00e4tt att kontrollera de uppgifter vi har samlat in om dig. Du har ocks\u00e5 r\u00e4tt att kr\u00e4va att oriktiga, bristf\u00e4lliga, on\u00f6diga eller f\u00f6r\u00e5ldrade uppgifter ska korrigeras eller raderas.\u00a0Du kan ut\u00f6va din r\u00e4tt genom att kontakta den registeransvarige som anges nedan.\u00a0\u00c4ndringar i integritetspolicyn<\/p>\n<p><strong>Vem \u00e4r registeransvarig och vem kan du kontakta?<br \/>\n<\/strong>Kontakta oss om du har fr\u00e5gor om v\u00e5r integritetspolicy.\u00a0Motoseal Componets Oy \u00e4r registeransvarig och du kan kontakta oss p\u00e5 f\u00f6ljande s\u00e4tt:\u00a0e-post: motoseal(a)motoseal.fi<\/p>\n","protected":false},"excerpt":{"rendered":"<p>Vi anv\u00e4nder cookies eller liknande teknik p\u00e5 v\u00e5r webbplats. Cookies \u00e4r korta textfiler som sparas i din webbl\u00e4sare n\u00e4r du bes\u00f6ker olika onlinetj\u00e4nster.\u00a0Cookies till\u00e5ter webbplatsen att identifiera datorn du anv\u00e4nder. Den information som samlas in av cookies anv\u00e4nds till exempel\u00a0till att:\u00a0anpassa anv\u00e4ndarupplevelsen, inrikta sig p\u00e5 marknadsf\u00f6ring, utveckla och f\u00f6rb\u00e4ttra webbtj\u00e4nsten,\u00a0samt\u00a0att\u00a0sp\u00e5ra och analysera bes\u00f6kares information.\u00a0Cookieinformationen samlas&hellip;<\/p>\n","protected":false},"author":1,"featured_media":0,"parent":0,"menu_order":0,"comment_status":"closed","ping_status":"closed","template":"","meta":{"_acf_changed":false,"footnotes":""},"class_list":["post-1246","page","type-page","status-publish","hentry"],"acf":[],"yoast_head":"<!-- This site is optimized with the Yoast SEO plugin v26.6 - https:\/\/yoast.com\/wordpress\/plugins\/seo\/ -->\n<title>Anv\u00e4ndning av cookies och Integritetspolicy - Masitools<\/title>\n<meta name=\"robots\" content=\"index, follow, max-snippet:-1, max-image-preview:large, max-video-preview:-1\" \/>\n<link rel=\"canonical\" href=\"https:\/\/www.masitools.fi\/sv\/tietosuojakaytanto-sv\/\" \/>\n<meta property=\"og:locale\" content=\"sv_SE\" \/>\n<meta property=\"og:type\" content=\"article\" \/>\n<meta property=\"og:title\" content=\"Anv\u00e4ndning av cookies och Integritetspolicy - Masitools\" \/>\n<meta property=\"og:description\" content=\"Vi anv\u00e4nder cookies eller liknande teknik p\u00e5 v\u00e5r webbplats. Cookies \u00e4r korta textfiler som sparas i din webbl\u00e4sare n\u00e4r du bes\u00f6ker olika onlinetj\u00e4nster.\u00a0Cookies till\u00e5ter webbplatsen att identifiera datorn du anv\u00e4nder. Den information som samlas in av cookies anv\u00e4nds till exempel\u00a0till att:\u00a0anpassa anv\u00e4ndarupplevelsen, inrikta sig p\u00e5 marknadsf\u00f6ring, utveckla och f\u00f6rb\u00e4ttra webbtj\u00e4nsten,\u00a0samt\u00a0att\u00a0sp\u00e5ra och analysera bes\u00f6kares information.\u00a0Cookieinformationen samlas&hellip;\" \/>\n<meta property=\"og:url\" content=\"https:\/\/www.masitools.fi\/sv\/tietosuojakaytanto-sv\/\" \/>\n<meta property=\"og:site_name\" content=\"Masitools\" \/>\n<meta property=\"article:publisher\" content=\"https:\/\/www.facebook.com\/Masitools\/\" \/>\n<meta property=\"article:modified_time\" content=\"2021-09-17T11:59:01+00:00\" \/>\n<meta name=\"twitter:card\" content=\"summary_large_image\" \/>\n<meta name=\"twitter:label1\" content=\"Ber\u00e4knad l\u00e4stid\" \/>\n\t<meta name=\"twitter:data1\" content=\"3 minuter\" \/>\n<script type=\"application\/ld+json\" class=\"yoast-schema-graph\">{\"@context\":\"https:\/\/schema.org\",\"@graph\":[{\"@type\":\"WebPage\",\"@id\":\"https:\/\/www.masitools.fi\/sv\/tietosuojakaytanto-sv\/\",\"url\":\"https:\/\/www.masitools.fi\/sv\/tietosuojakaytanto-sv\/\",\"name\":\"Anv\u00e4ndning av cookies och Integritetspolicy - Masitools\",\"isPartOf\":{\"@id\":\"https:\/\/www.masitools.fi\/fi\/#website\"},\"datePublished\":\"2019-08-16T09:59:51+00:00\",\"dateModified\":\"2021-09-17T11:59:01+00:00\",\"breadcrumb\":{\"@id\":\"https:\/\/www.masitools.fi\/sv\/tietosuojakaytanto-sv\/#breadcrumb\"},\"inLanguage\":\"sv-SE\",\"potentialAction\":[{\"@type\":\"ReadAction\",\"target\":[\"https:\/\/www.masitools.fi\/sv\/tietosuojakaytanto-sv\/\"]}]},{\"@type\":\"BreadcrumbList\",\"@id\":\"https:\/\/www.masitools.fi\/sv\/tietosuojakaytanto-sv\/#breadcrumb\",\"itemListElement\":[{\"@type\":\"ListItem\",\"position\":1,\"name\":\"Home\",\"item\":\"https:\/\/www.masitools.fi\/sv\/\"},{\"@type\":\"ListItem\",\"position\":2,\"name\":\"Anv\u00e4ndning av cookies och Integritetspolicy\"}]},{\"@type\":\"WebSite\",\"@id\":\"https:\/\/www.masitools.fi\/fi\/#website\",\"url\":\"https:\/\/www.masitools.fi\/fi\/\",\"name\":\"Masitools\",\"description\":\"\",\"publisher\":{\"@id\":\"https:\/\/www.masitools.fi\/fi\/#organization\"},\"potentialAction\":[{\"@type\":\"SearchAction\",\"target\":{\"@type\":\"EntryPoint\",\"urlTemplate\":\"https:\/\/www.masitools.fi\/fi\/?s={search_term_string}\"},\"query-input\":{\"@type\":\"PropertyValueSpecification\",\"valueRequired\":true,\"valueName\":\"search_term_string\"}}],\"inLanguage\":\"sv-SE\"},{\"@type\":\"Organization\",\"@id\":\"https:\/\/www.masitools.fi\/fi\/#organization\",\"name\":\"Masitools\",\"url\":\"https:\/\/www.masitools.fi\/fi\/\",\"logo\":{\"@type\":\"ImageObject\",\"inLanguage\":\"sv-SE\",\"@id\":\"https:\/\/www.masitools.fi\/fi\/#\/schema\/logo\/image\/\",\"url\":\"https:\/\/www.masitools.fi\/wp-content\/uploads\/2019\/08\/masi-favicon.png\",\"contentUrl\":\"https:\/\/www.masitools.fi\/wp-content\/uploads\/2019\/08\/masi-favicon.png\",\"width\":512,\"height\":512,\"caption\":\"Masitools\"},\"image\":{\"@id\":\"https:\/\/www.masitools.fi\/fi\/#\/schema\/logo\/image\/\"},\"sameAs\":[\"https:\/\/www.facebook.com\/Masitools\/\"]}]}<\/script>\n<!-- \/ Yoast SEO plugin. -->","yoast_head_json":{"title":"Anv\u00e4ndning av cookies och Integritetspolicy - Masitools","robots":{"index":"index","follow":"follow","max-snippet":"max-snippet:-1","max-image-preview":"max-image-preview:large","max-video-preview":"max-video-preview:-1"},"canonical":"https:\/\/www.masitools.fi\/sv\/tietosuojakaytanto-sv\/","og_locale":"sv_SE","og_type":"article","og_title":"Anv\u00e4ndning av cookies och Integritetspolicy - Masitools","og_description":"Vi anv\u00e4nder cookies eller liknande teknik p\u00e5 v\u00e5r webbplats. Cookies \u00e4r korta textfiler som sparas i din webbl\u00e4sare n\u00e4r du bes\u00f6ker olika onlinetj\u00e4nster.\u00a0Cookies till\u00e5ter webbplatsen att identifiera datorn du anv\u00e4nder. Den information som samlas in av cookies anv\u00e4nds till exempel\u00a0till att:\u00a0anpassa anv\u00e4ndarupplevelsen, inrikta sig p\u00e5 marknadsf\u00f6ring, utveckla och f\u00f6rb\u00e4ttra webbtj\u00e4nsten,\u00a0samt\u00a0att\u00a0sp\u00e5ra och analysera bes\u00f6kares information.\u00a0Cookieinformationen samlas&hellip;","og_url":"https:\/\/www.masitools.fi\/sv\/tietosuojakaytanto-sv\/","og_site_name":"Masitools","article_publisher":"https:\/\/www.facebook.com\/Masitools\/","article_modified_time":"2021-09-17T11:59:01+00:00","twitter_card":"summary_large_image","twitter_misc":{"Ber\u00e4knad l\u00e4stid":"3 minuter"},"schema":{"@context":"https:\/\/schema.org","@graph":[{"@type":"WebPage","@id":"https:\/\/www.masitools.fi\/sv\/tietosuojakaytanto-sv\/","url":"https:\/\/www.masitools.fi\/sv\/tietosuojakaytanto-sv\/","name":"Anv\u00e4ndning av cookies och Integritetspolicy - Masitools","isPartOf":{"@id":"https:\/\/www.masitools.fi\/fi\/#website"},"datePublished":"2019-08-16T09:59:51+00:00","dateModified":"2021-09-17T11:59:01+00:00","breadcrumb":{"@id":"https:\/\/www.masitools.fi\/sv\/tietosuojakaytanto-sv\/#breadcrumb"},"inLanguage":"sv-SE","potentialAction":[{"@type":"ReadAction","target":["https:\/\/www.masitools.fi\/sv\/tietosuojakaytanto-sv\/"]}]},{"@type":"BreadcrumbList","@id":"https:\/\/www.masitools.fi\/sv\/tietosuojakaytanto-sv\/#breadcrumb","itemListElement":[{"@type":"ListItem","position":1,"name":"Home","item":"https:\/\/www.masitools.fi\/sv\/"},{"@type":"ListItem","position":2,"name":"Anv\u00e4ndning av cookies och Integritetspolicy"}]},{"@type":"WebSite","@id":"https:\/\/www.masitools.fi\/fi\/#website","url":"https:\/\/www.masitools.fi\/fi\/","name":"Masitools","description":"","publisher":{"@id":"https:\/\/www.masitools.fi\/fi\/#organization"},"potentialAction":[{"@type":"SearchAction","target":{"@type":"EntryPoint","urlTemplate":"https:\/\/www.masitools.fi\/fi\/?s={search_term_string}"},"query-input":{"@type":"PropertyValueSpecification","valueRequired":true,"valueName":"search_term_string"}}],"inLanguage":"sv-SE"},{"@type":"Organization","@id":"https:\/\/www.masitools.fi\/fi\/#organization","name":"Masitools","url":"https:\/\/www.masitools.fi\/fi\/","logo":{"@type":"ImageObject","inLanguage":"sv-SE","@id":"https:\/\/www.masitools.fi\/fi\/#\/schema\/logo\/image\/","url":"https:\/\/www.masitools.fi\/wp-content\/uploads\/2019\/08\/masi-favicon.png","contentUrl":"https:\/\/www.masitools.fi\/wp-content\/uploads\/2019\/08\/masi-favicon.png","width":512,"height":512,"caption":"Masitools"},"image":{"@id":"https:\/\/www.masitools.fi\/fi\/#\/schema\/logo\/image\/"},"sameAs":["https:\/\/www.facebook.com\/Masitools\/"]}]}},"_links":{"self":[{"href":"https:\/\/www.masitools.fi\/sv\/wp-json\/wp\/v2\/pages\/1246","targetHints":{"allow":["GET"]}}],"collection":[{"href":"https:\/\/www.masitools.fi\/sv\/wp-json\/wp\/v2\/pages"}],"about":[{"href":"https:\/\/www.masitools.fi\/sv\/wp-json\/wp\/v2\/types\/page"}],"author":[{"embeddable":true,"href":"https:\/\/www.masitools.fi\/sv\/wp-json\/wp\/v2\/users\/1"}],"replies":[{"embeddable":true,"href":"https:\/\/www.masitools.fi\/sv\/wp-json\/wp\/v2\/comments?post=1246"}],"version-history":[{"count":7,"href":"https:\/\/www.masitools.fi\/sv\/wp-json\/wp\/v2\/pages\/1246\/revisions"}],"predecessor-version":[{"id":2709,"href":"https:\/\/www.masitools.fi\/sv\/wp-json\/wp\/v2\/pages\/1246\/revisions\/2709"}],"wp:attachment":[{"href":"https:\/\/www.masitools.fi\/sv\/wp-json\/wp\/v2\/media?parent=1246"}],"curies":[{"name":"wp","href":"https:\/\/api.w.org\/{rel}","templated":true}]}}