{"id":3256,"date":"2018-05-12T12:26:09","date_gmt":"2018-05-12T12:26:09","guid":{"rendered":"https:\/\/www.masitools.fi\/about\/"},"modified":"2023-09-11T12:44:56","modified_gmt":"2023-09-11T09:44:56","slug":"about","status":"publish","type":"page","link":"https:\/\/www.masitools.fi\/no\/","title":{"rendered":"Etusivu"},"content":{"rendered":"\n<h2>\n\t\tForgjenger for<br \/>lettere sn\u00f8arbeid\n\t<\/h2>\n\tMasis sortiment i sn\u00f8redskaper er det st\u00f8rste som finnes p\u00e5 markedet. I Masis<br \/>\nutvalg finner du passende redskaper til alle typer sn\u00f8m\u00e5king, og b\u00e5de til yrkes- og hjemmebruk. Se n\u00e6rmere her!\n<h2>\n\t\tMasi-redskapene\n\t<\/h2>\n\t\t\t\t<a href=\"https:\/\/www.masitools.fi\/no\/products\/snorydderne\/\" target=\"_self\" itemprop=\"url\" rel=\"noopener\">\n\t\t\t\t<img loading=\"lazy\" decoding=\"async\" src=\"https:\/\/www.masitools.fi\/wp-content\/uploads\/2021\/08\/Lumikolat.png\" alt=\"Lumikolat\" itemprop=\"image\" height=\"329\" width=\"367\" title=\"Lumikolat\" onerror=\"this.style.display='none'\"  \/>\n\t\t\t\t<\/a>\n<h3>\n\t\t<a href=\"https:\/\/www.masitools.fi\/no\/products\/snorydderne\/\" title=\"Sn\u00f8ryddere\" target=\"_self\" rel=\"noopener\">\n\t\tSn\u00f8ryddere\n\t\t<\/a>\n\t<\/h3>\n\t\t\t<a href=\"https:\/\/www.masitools.fi\/no\/products\/snorydderne\/\" target=\"_self\" rel=\"noopener\">\n\t\t\t\t\t\t\tse utvalg\n\t\t\t\t\t<\/a>\n\t\t\t\t<a href=\"https:\/\/www.masitools.fi\/no\/products\/maker-og-skuffer\/\" target=\"_self\" itemprop=\"url\" rel=\"noopener\">\n\t\t\t\t<img loading=\"lazy\" decoding=\"async\" src=\"https:\/\/www.masitools.fi\/wp-content\/uploads\/2023\/09\/lapiot_tyontimet_.png\" alt=\"lapiot_tyontimet_\" itemprop=\"image\" height=\"329\" width=\"367\" title=\"lapiot_tyontimet_\" onerror=\"this.style.display='none'\"  \/>\n\t\t\t\t<\/a>\n<h3>\n\t\t<a href=\"https:\/\/www.masitools.fi\/no\/products\/maker-og-skuffer\/\" title=\"M\u00e5ker og skuffer\" target=\"_self\" rel=\"noopener\">\n\t\tM\u00e5ker og skuffer\n\t\t<\/a>\n\t<\/h3>\n\t\t\t<a href=\"https:\/\/www.masitools.fi\/no\/products\/maker-og-skuffer\/\" target=\"_self\" rel=\"noopener\">\n\t\t\t\t\t\t\tse utvalg\n\t\t\t\t\t<\/a>\n\t\t\t\t<a href=\"https:\/\/www.masitools.fi\/no\/products\/profesjonelle-redskaper\/\" target=\"_self\" itemprop=\"url\" rel=\"noopener\">\n\t\t\t\t<img loading=\"lazy\" decoding=\"async\" src=\"https:\/\/www.masitools.fi\/wp-content\/uploads\/2021\/08\/ammattilaisille.png\" alt=\"ammattilaisille\" itemprop=\"image\" height=\"329\" width=\"367\" title=\"ammattilaisille\" onerror=\"this.style.display='none'\"  \/>\n\t\t\t\t<\/a>\n<h3>\n\t\t<a href=\"https:\/\/www.masitools.fi\/no\/products\/profesjonelle-redskaper\/\" title=\"Profesjonelle redskaper\" target=\"_self\" rel=\"noopener\">\n\t\tProfesjonelle redskaper\n\t\t<\/a>\n\t<\/h3>\n\t\t\t<a href=\"https:\/\/www.masitools.fi\/no\/products\/profesjonelle-redskaper\/\" target=\"_self\" rel=\"noopener\">\n\t\t\t\t\t\t\tse utvalg\n\t\t\t\t\t<\/a>\n<h2>\n\t\tProduktkategorier\n\t<\/h2>\n\t\t\t\t<a href=\"https:\/\/www.masitools.fi\/no\/products\/pro-produkter-no\/\" target=\"_self\" itemprop=\"url\" rel=\"noopener\">\n\t\t\t\t<img loading=\"lazy\" decoding=\"async\" src=\"https:\/\/www.masitools.fi\/wp-content\/uploads\/2021\/09\/Pro-2.jpg\" alt=\"Pro-2\" itemprop=\"image\" height=\"262\" width=\"437\" title=\"Pro-2\" onerror=\"this.style.display='none'\"  \/>\n\t\t\t\t<\/a>\n\t<p>Produkter med PRO-merket er spesielt egnet for profesjonell bruk.<\/p>\n\t\t\t<a href=\"https:\/\/www.masitools.fi\/no\/products\/pro-produkter-no\/\" target=\"_self\" rel=\"noopener\">\n\t\t\t\t\t\t\tse utvalg\n\t\t\t\t\t<\/a>\n\t\t\t\t<a href=\"https:\/\/www.masitools.fi\/no\/products\/ergo-produkter-no\/\" target=\"_self\" itemprop=\"url\" rel=\"noopener\">\n\t\t\t\t<img loading=\"lazy\" decoding=\"async\" src=\"https:\/\/www.masitools.fi\/wp-content\/uploads\/2021\/09\/Ergo-2.jpg\" alt=\"Ergo-2\" itemprop=\"image\" height=\"262\" width=\"437\" title=\"Ergo-2\" onerror=\"this.style.display='none'\"  \/>\n\t\t\t\t<\/a>\n\t<p>Spesiell oppmerksomhet er viet ergonomi i ERGO-merkede produkter.<\/p>\n\t\t\t<a href=\"https:\/\/www.masitools.fi\/no\/products\/ergo-produkter-no\/\" target=\"_self\" rel=\"noopener\">\n\t\t\t\t\t\t\tse utvalg\n\t\t\t\t\t<\/a>\n\t\t\t\t<a href=\"https:\/\/www.masitools.fi\/no\/products\/grip-produkter-no\/\" target=\"_self\" itemprop=\"url\" rel=\"noopener\">\n\t\t\t\t<img loading=\"lazy\" decoding=\"async\" src=\"https:\/\/www.masitools.fi\/wp-content\/uploads\/2021\/09\/Grip-2.jpg\" alt=\"Grip-2\" itemprop=\"image\" height=\"262\" width=\"437\" title=\"Grip-2\" onerror=\"this.style.display='none'\"  \/>\n\t\t\t\t<\/a>\n\t<p>Maskinens spadearmer har n\u00e5 et nytt, enda fastere og varmere TPV-grep.<\/p>\n\t\t\t<a href=\"https:\/\/www.masitools.fi\/no\/products\/grip-produkter-no\/\" target=\"_self\" rel=\"noopener\">\n\t\t\t\t\t\t\tse utvalg\n\t\t\t\t\t<\/a>\n<h2>\n\t\tFinest Finnish <br \/> snow-how\n\t<\/h2>\n\t<p>Masi-sn\u00f8rydderne lages i Finland p\u00e5 fabrikken i Rauma.\u00a0Alle Masi-sn\u00f8rydderne<br \/>har mottatt det originale finske N\u00f8kkelflagg-merket.\u00a0I Masi-redskapene kan man<br \/>b\u00e5de se og f\u00f8le produsentens satsing p\u00e5 kontinuerlig produktutvikling samt<br \/>p\u00e5 materialer og arbeid med h\u00f8y kvalitet.<\/p>\n\t\t\t\t<img loading=\"lazy\" decoding=\"async\" src=\"https:\/\/www.masitools.fi\/wp-content\/uploads\/2019\/07\/avainlippu.png\" alt=\"avainlippu\" itemprop=\"image\" height=\"179\" width=\"235\" title=\"avainlippu\" onerror=\"this.style.display='none'\"  \/>\n\t\t\t<a href=\"https:\/\/www.masitools.fi\/no\/selskap\/\" target=\"_self\" rel=\"noopener\">\n\t\t\t\t\t\t\tMasis historie\n\t\t\t\t\t<\/a>\n\n","protected":false},"excerpt":{"rendered":"<p>Forgjenger forlettere sn\u00f8arbeid Masis sortiment i sn\u00f8redskaper er det st\u00f8rste som finnes p\u00e5 markedet. I Masis utvalg finner du passende redskaper til alle typer sn\u00f8m\u00e5king, og b\u00e5de til yrkes- og hjemmebruk. Se n\u00e6rmere her! Masi-redskapene Sn\u00f8ryddere se utvalg M\u00e5ker og skuffer se utvalg Profesjonelle redskaper se utvalg Produktkategorier Produkter med PRO-merket er spesielt egnet for&hellip;<\/p>\n","protected":false},"author":1,"featured_media":0,"parent":0,"menu_order":0,"comment_status":"closed","ping_status":"open","template":"","meta":{"_acf_changed":false,"footnotes":""},"class_list":["post-3256","page","type-page","status-publish","hentry"],"acf":[],"yoast_head":"<!-- This site is optimized with the Yoast SEO plugin v26.6 - https:\/\/yoast.com\/wordpress\/plugins\/seo\/ -->\n<title>Etusivu - Masitools<\/title>\n<meta name=\"description\" content=\"Masi-lumity\u00f6v\u00e4lineiden mallisto on markkinoiden laajin. Masin valikoimista l\u00f6ytyy sopiva ty\u00f6v\u00e4line mihin tahansa lumity\u00f6h\u00f6n.\" \/>\n<meta name=\"robots\" content=\"index, follow, max-snippet:-1, max-image-preview:large, max-video-preview:-1\" \/>\n<link rel=\"canonical\" href=\"https:\/\/www.masitools.fi\/no\/\" \/>\n<meta property=\"og:locale\" content=\"nb_NO\" \/>\n<meta property=\"og:type\" content=\"article\" \/>\n<meta property=\"og:title\" content=\"Etusivu - Masitools\" \/>\n<meta property=\"og:description\" content=\"Masi-lumity\u00f6v\u00e4lineiden mallisto on markkinoiden laajin. Masin valikoimista l\u00f6ytyy sopiva ty\u00f6v\u00e4line mihin tahansa lumity\u00f6h\u00f6n.\" \/>\n<meta property=\"og:url\" content=\"https:\/\/www.masitools.fi\/no\/\" \/>\n<meta property=\"og:site_name\" content=\"Masitools\" \/>\n<meta property=\"article:publisher\" content=\"https:\/\/www.facebook.com\/Masitools\/\" \/>\n<meta property=\"article:modified_time\" content=\"2023-09-11T09:44:56+00:00\" \/>\n<meta property=\"og:image\" content=\"https:\/\/www.masitools.fi\/wp-content\/uploads\/2021\/08\/Lumikolat.png\" \/>\n<meta name=\"twitter:card\" content=\"summary_large_image\" \/>\n<meta name=\"twitter:label1\" content=\"Ansl. lesetid\" \/>\n\t<meta name=\"twitter:data1\" content=\"1 minutt\" \/>\n<script type=\"application\/ld+json\" class=\"yoast-schema-graph\">{\"@context\":\"https:\/\/schema.org\",\"@graph\":[{\"@type\":\"WebPage\",\"@id\":\"https:\/\/www.masitools.fi\/no\/\",\"url\":\"https:\/\/www.masitools.fi\/no\/\",\"name\":\"Etusivu - Masitools\",\"isPartOf\":{\"@id\":\"https:\/\/www.masitools.fi\/fi\/#website\"},\"primaryImageOfPage\":{\"@id\":\"https:\/\/www.masitools.fi\/no\/#primaryimage\"},\"image\":{\"@id\":\"https:\/\/www.masitools.fi\/no\/#primaryimage\"},\"thumbnailUrl\":\"https:\/\/www.masitools.fi\/wp-content\/uploads\/2021\/08\/Lumikolat.png\",\"datePublished\":\"2018-05-12T12:26:09+00:00\",\"dateModified\":\"2023-09-11T09:44:56+00:00\",\"description\":\"Masi-lumity\u00f6v\u00e4lineiden mallisto on markkinoiden laajin. Masin valikoimista l\u00f6ytyy sopiva ty\u00f6v\u00e4line mihin tahansa lumity\u00f6h\u00f6n.\",\"breadcrumb\":{\"@id\":\"https:\/\/www.masitools.fi\/no\/#breadcrumb\"},\"inLanguage\":\"nb-NO\",\"potentialAction\":[{\"@type\":\"ReadAction\",\"target\":[\"https:\/\/www.masitools.fi\/no\/\"]}]},{\"@type\":\"ImageObject\",\"inLanguage\":\"nb-NO\",\"@id\":\"https:\/\/www.masitools.fi\/no\/#primaryimage\",\"url\":\"https:\/\/www.masitools.fi\/wp-content\/uploads\/2021\/08\/Lumikolat.png\",\"contentUrl\":\"https:\/\/www.masitools.fi\/wp-content\/uploads\/2021\/08\/Lumikolat.png\"},{\"@type\":\"BreadcrumbList\",\"@id\":\"https:\/\/www.masitools.fi\/no\/#breadcrumb\",\"itemListElement\":[{\"@type\":\"ListItem\",\"position\":1,\"name\":\"Home\",\"item\":\"https:\/\/www.masitools.fi\/no\/\"},{\"@type\":\"ListItem\",\"position\":2,\"name\":\"Etusivu\"}]},{\"@type\":\"WebSite\",\"@id\":\"https:\/\/www.masitools.fi\/fi\/#website\",\"url\":\"https:\/\/www.masitools.fi\/fi\/\",\"name\":\"Masitools\",\"description\":\"\",\"publisher\":{\"@id\":\"https:\/\/www.masitools.fi\/fi\/#organization\"},\"potentialAction\":[{\"@type\":\"SearchAction\",\"target\":{\"@type\":\"EntryPoint\",\"urlTemplate\":\"https:\/\/www.masitools.fi\/fi\/?s={search_term_string}\"},\"query-input\":{\"@type\":\"PropertyValueSpecification\",\"valueRequired\":true,\"valueName\":\"search_term_string\"}}],\"inLanguage\":\"nb-NO\"},{\"@type\":\"Organization\",\"@id\":\"https:\/\/www.masitools.fi\/fi\/#organization\",\"name\":\"Masitools\",\"url\":\"https:\/\/www.masitools.fi\/fi\/\",\"logo\":{\"@type\":\"ImageObject\",\"inLanguage\":\"nb-NO\",\"@id\":\"https:\/\/www.masitools.fi\/fi\/#\/schema\/logo\/image\/\",\"url\":\"https:\/\/www.masitools.fi\/wp-content\/uploads\/2019\/08\/masi-favicon.png\",\"contentUrl\":\"https:\/\/www.masitools.fi\/wp-content\/uploads\/2019\/08\/masi-favicon.png\",\"width\":512,\"height\":512,\"caption\":\"Masitools\"},\"image\":{\"@id\":\"https:\/\/www.masitools.fi\/fi\/#\/schema\/logo\/image\/\"},\"sameAs\":[\"https:\/\/www.facebook.com\/Masitools\/\"]}]}<\/script>\n<!-- \/ Yoast SEO plugin. -->","yoast_head_json":{"title":"Etusivu - Masitools","description":"Masi-lumity\u00f6v\u00e4lineiden mallisto on markkinoiden laajin. Masin valikoimista l\u00f6ytyy sopiva ty\u00f6v\u00e4line mihin tahansa lumity\u00f6h\u00f6n.","robots":{"index":"index","follow":"follow","max-snippet":"max-snippet:-1","max-image-preview":"max-image-preview:large","max-video-preview":"max-video-preview:-1"},"canonical":"https:\/\/www.masitools.fi\/no\/","og_locale":"nb_NO","og_type":"article","og_title":"Etusivu - Masitools","og_description":"Masi-lumity\u00f6v\u00e4lineiden mallisto on markkinoiden laajin. Masin valikoimista l\u00f6ytyy sopiva ty\u00f6v\u00e4line mihin tahansa lumity\u00f6h\u00f6n.","og_url":"https:\/\/www.masitools.fi\/no\/","og_site_name":"Masitools","article_publisher":"https:\/\/www.facebook.com\/Masitools\/","article_modified_time":"2023-09-11T09:44:56+00:00","og_image":[{"url":"https:\/\/www.masitools.fi\/wp-content\/uploads\/2021\/08\/Lumikolat.png","type":"","width":"","height":""}],"twitter_card":"summary_large_image","twitter_misc":{"Ansl. lesetid":"1 minutt"},"schema":{"@context":"https:\/\/schema.org","@graph":[{"@type":"WebPage","@id":"https:\/\/www.masitools.fi\/no\/","url":"https:\/\/www.masitools.fi\/no\/","name":"Etusivu - Masitools","isPartOf":{"@id":"https:\/\/www.masitools.fi\/fi\/#website"},"primaryImageOfPage":{"@id":"https:\/\/www.masitools.fi\/no\/#primaryimage"},"image":{"@id":"https:\/\/www.masitools.fi\/no\/#primaryimage"},"thumbnailUrl":"https:\/\/www.masitools.fi\/wp-content\/uploads\/2021\/08\/Lumikolat.png","datePublished":"2018-05-12T12:26:09+00:00","dateModified":"2023-09-11T09:44:56+00:00","description":"Masi-lumity\u00f6v\u00e4lineiden mallisto on markkinoiden laajin. Masin valikoimista l\u00f6ytyy sopiva ty\u00f6v\u00e4line mihin tahansa lumity\u00f6h\u00f6n.","breadcrumb":{"@id":"https:\/\/www.masitools.fi\/no\/#breadcrumb"},"inLanguage":"nb-NO","potentialAction":[{"@type":"ReadAction","target":["https:\/\/www.masitools.fi\/no\/"]}]},{"@type":"ImageObject","inLanguage":"nb-NO","@id":"https:\/\/www.masitools.fi\/no\/#primaryimage","url":"https:\/\/www.masitools.fi\/wp-content\/uploads\/2021\/08\/Lumikolat.png","contentUrl":"https:\/\/www.masitools.fi\/wp-content\/uploads\/2021\/08\/Lumikolat.png"},{"@type":"BreadcrumbList","@id":"https:\/\/www.masitools.fi\/no\/#breadcrumb","itemListElement":[{"@type":"ListItem","position":1,"name":"Home","item":"https:\/\/www.masitools.fi\/no\/"},{"@type":"ListItem","position":2,"name":"Etusivu"}]},{"@type":"WebSite","@id":"https:\/\/www.masitools.fi\/fi\/#website","url":"https:\/\/www.masitools.fi\/fi\/","name":"Masitools","description":"","publisher":{"@id":"https:\/\/www.masitools.fi\/fi\/#organization"},"potentialAction":[{"@type":"SearchAction","target":{"@type":"EntryPoint","urlTemplate":"https:\/\/www.masitools.fi\/fi\/?s={search_term_string}"},"query-input":{"@type":"PropertyValueSpecification","valueRequired":true,"valueName":"search_term_string"}}],"inLanguage":"nb-NO"},{"@type":"Organization","@id":"https:\/\/www.masitools.fi\/fi\/#organization","name":"Masitools","url":"https:\/\/www.masitools.fi\/fi\/","logo":{"@type":"ImageObject","inLanguage":"nb-NO","@id":"https:\/\/www.masitools.fi\/fi\/#\/schema\/logo\/image\/","url":"https:\/\/www.masitools.fi\/wp-content\/uploads\/2019\/08\/masi-favicon.png","contentUrl":"https:\/\/www.masitools.fi\/wp-content\/uploads\/2019\/08\/masi-favicon.png","width":512,"height":512,"caption":"Masitools"},"image":{"@id":"https:\/\/www.masitools.fi\/fi\/#\/schema\/logo\/image\/"},"sameAs":["https:\/\/www.facebook.com\/Masitools\/"]}]}},"_links":{"self":[{"href":"https:\/\/www.masitools.fi\/no\/wp-json\/wp\/v2\/pages\/3256","targetHints":{"allow":["GET"]}}],"collection":[{"href":"https:\/\/www.masitools.fi\/no\/wp-json\/wp\/v2\/pages"}],"about":[{"href":"https:\/\/www.masitools.fi\/no\/wp-json\/wp\/v2\/types\/page"}],"author":[{"embeddable":true,"href":"https:\/\/www.masitools.fi\/no\/wp-json\/wp\/v2\/users\/1"}],"replies":[{"embeddable":true,"href":"https:\/\/www.masitools.fi\/no\/wp-json\/wp\/v2\/comments?post=3256"}],"version-history":[{"count":7,"href":"https:\/\/www.masitools.fi\/no\/wp-json\/wp\/v2\/pages\/3256\/revisions"}],"predecessor-version":[{"id":4158,"href":"https:\/\/www.masitools.fi\/no\/wp-json\/wp\/v2\/pages\/3256\/revisions\/4158"}],"wp:attachment":[{"href":"https:\/\/www.masitools.fi\/no\/wp-json\/wp\/v2\/media?parent=3256"}],"curies":[{"name":"wp","href":"https:\/\/api.w.org\/{rel}","templated":true}]}}