{"id":3247,"date":"2019-08-14T11:34:18","date_gmt":"2019-08-14T08:34:18","guid":{"rendered":"https:\/\/www.masitools.fi\/hallinto\/"},"modified":"2024-01-05T13:59:19","modified_gmt":"2024-01-05T11:59:19","slug":"administrasjon","status":"publish","type":"page","link":"https:\/\/www.masitools.fi\/no\/administrasjon\/","title":{"rendered":"Administrasjon"},"content":{"rendered":"\n\n\t<strong>Jussi Heino<\/strong><br \/>\nAdministrerende direkt\u00f8r<br \/>\np. +358 50 529 8974\n<strong>Sini M\u00e4kel\u00e4<\/strong><br \/>\nController<br \/>\np. +358 40 192 2625\n<strong>Saku Urponen<\/strong><br \/>\nKvalitetssjef<br \/>\np. +358 50 366 5119\nE-postadresser i formen<br \/>\n<a href=\"mailto:fornavn.etternavn@motoseal.fi\">fornavn.etternavn@motoseal.fi<\/a>\n<p>&nbsp;<\/p>\n\n","protected":false},"excerpt":{"rendered":"<p>Jussi Heino Administrerende direkt\u00f8r p. +358 50 529 8974 Sini M\u00e4kel\u00e4 Controller p. +358 40 192 2625 Saku Urponen Kvalitetssjef p. +358 50 366 5119 E-postadresser i formen fornavn.etternavn@motoseal.fi &nbsp;<\/p>\n","protected":false},"author":1,"featured_media":0,"parent":0,"menu_order":0,"comment_status":"closed","ping_status":"closed","template":"","meta":{"_acf_changed":false,"footnotes":""},"class_list":["post-3247","page","type-page","status-publish","hentry"],"acf":[],"yoast_head":"<!-- This site is optimized with the Yoast SEO plugin v26.6 - https:\/\/yoast.com\/wordpress\/plugins\/seo\/ -->\n<title>Administrasjon - Masitools<\/title>\n<meta name=\"robots\" content=\"index, follow, max-snippet:-1, max-image-preview:large, max-video-preview:-1\" \/>\n<link rel=\"canonical\" href=\"https:\/\/www.masitools.fi\/no\/administrasjon\/\" \/>\n<meta property=\"og:locale\" content=\"nb_NO\" \/>\n<meta property=\"og:type\" content=\"article\" \/>\n<meta property=\"og:title\" content=\"Administrasjon - Masitools\" \/>\n<meta property=\"og:description\" content=\"Jussi Heino Administrerende direkt\u00f8r p. +358 50 529 8974 Sini M\u00e4kel\u00e4 Controller p. +358 40 192 2625 Saku Urponen Kvalitetssjef p. +358 50 366 5119 E-postadresser i formen fornavn.etternavn@motoseal.fi &nbsp;\" \/>\n<meta property=\"og:url\" content=\"https:\/\/www.masitools.fi\/no\/administrasjon\/\" \/>\n<meta property=\"og:site_name\" content=\"Masitools\" \/>\n<meta property=\"article:publisher\" content=\"https:\/\/www.facebook.com\/Masitools\/\" \/>\n<meta property=\"article:modified_time\" content=\"2024-01-05T11:59:19+00:00\" \/>\n<meta name=\"twitter:card\" content=\"summary_large_image\" \/>\n<script type=\"application\/ld+json\" class=\"yoast-schema-graph\">{\"@context\":\"https:\/\/schema.org\",\"@graph\":[{\"@type\":\"WebPage\",\"@id\":\"https:\/\/www.masitools.fi\/no\/administrasjon\/\",\"url\":\"https:\/\/www.masitools.fi\/no\/administrasjon\/\",\"name\":\"Administrasjon - Masitools\",\"isPartOf\":{\"@id\":\"https:\/\/www.masitools.fi\/fi\/#website\"},\"datePublished\":\"2019-08-14T08:34:18+00:00\",\"dateModified\":\"2024-01-05T11:59:19+00:00\",\"breadcrumb\":{\"@id\":\"https:\/\/www.masitools.fi\/no\/administrasjon\/#breadcrumb\"},\"inLanguage\":\"nb-NO\",\"potentialAction\":[{\"@type\":\"ReadAction\",\"target\":[\"https:\/\/www.masitools.fi\/no\/administrasjon\/\"]}]},{\"@type\":\"BreadcrumbList\",\"@id\":\"https:\/\/www.masitools.fi\/no\/administrasjon\/#breadcrumb\",\"itemListElement\":[{\"@type\":\"ListItem\",\"position\":1,\"name\":\"Home\",\"item\":\"https:\/\/www.masitools.fi\/no\/\"},{\"@type\":\"ListItem\",\"position\":2,\"name\":\"Administrasjon\"}]},{\"@type\":\"WebSite\",\"@id\":\"https:\/\/www.masitools.fi\/fi\/#website\",\"url\":\"https:\/\/www.masitools.fi\/fi\/\",\"name\":\"Masitools\",\"description\":\"\",\"publisher\":{\"@id\":\"https:\/\/www.masitools.fi\/fi\/#organization\"},\"potentialAction\":[{\"@type\":\"SearchAction\",\"target\":{\"@type\":\"EntryPoint\",\"urlTemplate\":\"https:\/\/www.masitools.fi\/fi\/?s={search_term_string}\"},\"query-input\":{\"@type\":\"PropertyValueSpecification\",\"valueRequired\":true,\"valueName\":\"search_term_string\"}}],\"inLanguage\":\"nb-NO\"},{\"@type\":\"Organization\",\"@id\":\"https:\/\/www.masitools.fi\/fi\/#organization\",\"name\":\"Masitools\",\"url\":\"https:\/\/www.masitools.fi\/fi\/\",\"logo\":{\"@type\":\"ImageObject\",\"inLanguage\":\"nb-NO\",\"@id\":\"https:\/\/www.masitools.fi\/fi\/#\/schema\/logo\/image\/\",\"url\":\"https:\/\/www.masitools.fi\/wp-content\/uploads\/2019\/08\/masi-favicon.png\",\"contentUrl\":\"https:\/\/www.masitools.fi\/wp-content\/uploads\/2019\/08\/masi-favicon.png\",\"width\":512,\"height\":512,\"caption\":\"Masitools\"},\"image\":{\"@id\":\"https:\/\/www.masitools.fi\/fi\/#\/schema\/logo\/image\/\"},\"sameAs\":[\"https:\/\/www.facebook.com\/Masitools\/\"]}]}<\/script>\n<!-- \/ Yoast SEO plugin. -->","yoast_head_json":{"title":"Administrasjon - Masitools","robots":{"index":"index","follow":"follow","max-snippet":"max-snippet:-1","max-image-preview":"max-image-preview:large","max-video-preview":"max-video-preview:-1"},"canonical":"https:\/\/www.masitools.fi\/no\/administrasjon\/","og_locale":"nb_NO","og_type":"article","og_title":"Administrasjon - Masitools","og_description":"Jussi Heino Administrerende direkt\u00f8r p. +358 50 529 8974 Sini M\u00e4kel\u00e4 Controller p. +358 40 192 2625 Saku Urponen Kvalitetssjef p. +358 50 366 5119 E-postadresser i formen fornavn.etternavn@motoseal.fi &nbsp;","og_url":"https:\/\/www.masitools.fi\/no\/administrasjon\/","og_site_name":"Masitools","article_publisher":"https:\/\/www.facebook.com\/Masitools\/","article_modified_time":"2024-01-05T11:59:19+00:00","twitter_card":"summary_large_image","schema":{"@context":"https:\/\/schema.org","@graph":[{"@type":"WebPage","@id":"https:\/\/www.masitools.fi\/no\/administrasjon\/","url":"https:\/\/www.masitools.fi\/no\/administrasjon\/","name":"Administrasjon - Masitools","isPartOf":{"@id":"https:\/\/www.masitools.fi\/fi\/#website"},"datePublished":"2019-08-14T08:34:18+00:00","dateModified":"2024-01-05T11:59:19+00:00","breadcrumb":{"@id":"https:\/\/www.masitools.fi\/no\/administrasjon\/#breadcrumb"},"inLanguage":"nb-NO","potentialAction":[{"@type":"ReadAction","target":["https:\/\/www.masitools.fi\/no\/administrasjon\/"]}]},{"@type":"BreadcrumbList","@id":"https:\/\/www.masitools.fi\/no\/administrasjon\/#breadcrumb","itemListElement":[{"@type":"ListItem","position":1,"name":"Home","item":"https:\/\/www.masitools.fi\/no\/"},{"@type":"ListItem","position":2,"name":"Administrasjon"}]},{"@type":"WebSite","@id":"https:\/\/www.masitools.fi\/fi\/#website","url":"https:\/\/www.masitools.fi\/fi\/","name":"Masitools","description":"","publisher":{"@id":"https:\/\/www.masitools.fi\/fi\/#organization"},"potentialAction":[{"@type":"SearchAction","target":{"@type":"EntryPoint","urlTemplate":"https:\/\/www.masitools.fi\/fi\/?s={search_term_string}"},"query-input":{"@type":"PropertyValueSpecification","valueRequired":true,"valueName":"search_term_string"}}],"inLanguage":"nb-NO"},{"@type":"Organization","@id":"https:\/\/www.masitools.fi\/fi\/#organization","name":"Masitools","url":"https:\/\/www.masitools.fi\/fi\/","logo":{"@type":"ImageObject","inLanguage":"nb-NO","@id":"https:\/\/www.masitools.fi\/fi\/#\/schema\/logo\/image\/","url":"https:\/\/www.masitools.fi\/wp-content\/uploads\/2019\/08\/masi-favicon.png","contentUrl":"https:\/\/www.masitools.fi\/wp-content\/uploads\/2019\/08\/masi-favicon.png","width":512,"height":512,"caption":"Masitools"},"image":{"@id":"https:\/\/www.masitools.fi\/fi\/#\/schema\/logo\/image\/"},"sameAs":["https:\/\/www.facebook.com\/Masitools\/"]}]}},"_links":{"self":[{"href":"https:\/\/www.masitools.fi\/no\/wp-json\/wp\/v2\/pages\/3247","targetHints":{"allow":["GET"]}}],"collection":[{"href":"https:\/\/www.masitools.fi\/no\/wp-json\/wp\/v2\/pages"}],"about":[{"href":"https:\/\/www.masitools.fi\/no\/wp-json\/wp\/v2\/types\/page"}],"author":[{"embeddable":true,"href":"https:\/\/www.masitools.fi\/no\/wp-json\/wp\/v2\/users\/1"}],"replies":[{"embeddable":true,"href":"https:\/\/www.masitools.fi\/no\/wp-json\/wp\/v2\/comments?post=3247"}],"version-history":[{"count":5,"href":"https:\/\/www.masitools.fi\/no\/wp-json\/wp\/v2\/pages\/3247\/revisions"}],"predecessor-version":[{"id":4258,"href":"https:\/\/www.masitools.fi\/no\/wp-json\/wp\/v2\/pages\/3247\/revisions\/4258"}],"wp:attachment":[{"href":"https:\/\/www.masitools.fi\/no\/wp-json\/wp\/v2\/media?parent=3247"}],"curies":[{"name":"wp","href":"https:\/\/api.w.org\/{rel}","templated":true}]}}