{"id":3237,"date":"2019-08-16T12:59:23","date_gmt":"2019-08-16T09:59:23","guid":{"rendered":"https:\/\/www.masitools.fi\/tietosuojakaytanto\/"},"modified":"2021-09-30T09:40:53","modified_gmt":"2021-09-30T06:40:53","slug":"bruk-av-informasjonskapsler","status":"publish","type":"page","link":"https:\/\/www.masitools.fi\/no\/bruk-av-informasjonskapsler\/","title":{"rendered":"Bruk av informasjonskapsler"},"content":{"rendered":"<div id=\"block-delta-blocks-page-title\" class=\"block block-delta-blocks block-page-title block-delta-blocks-page-title odd block-without-title\">\n<div class=\"block-inner clearfix\">\n<div class=\"content clearfix\">\n<p>Vi benytter informasjonskapsler (cookies) eller andre tilsvarende teknikker p\u00e5 nettsiden v\u00e5r. Informasjonskapslene er korte tekstfiler som nettleseren lagrer n\u00e5r du bes\u00f8ker forskjellige webtjenester.<\/p>\n<p>Ved hjelp av informasjonskapslene kan nettsiden identifisere datamaskinen du benytter. Opplysningene som informasjonskapslene samler inn brukes bl.a. til personifisering av brukeropplevelse, m\u00e5lretting av markedsf\u00f8ring, utvikling av webtjenesten og forbedring av servicen samt oppf\u00f8lging og analysering av bes\u00f8keropplysninger.<\/p>\n<p>Opplysningene fra informasjonskapslene knyttes ikke til registeropplysningene vi samler inn, men de brukes kun p\u00e5 generelt niv\u00e5. Dersom du \u00f8nsker det, kan du fjerne informasjonskapslene som er lagret p\u00e5 nettleseren din, men dette kan hindre eller vanskeliggj\u00f8re bruken av siden v\u00e5r.<\/p>\n<p><strong>H\u00e5ndtering av kundeopplysninger<br \/>\n<\/strong><\/p>\n<p>Kundeopplysningene som samles inn p\u00e5 nettsidens tilbakemeldingsskjema brukes kun til saken tilbakemeldingen gjelder. Opplysningene oppbevares i tre m\u00e5neder (3 md) eller ved behov s\u00e5 lang tid det tar \u00e5 ordne saken.<\/p>\n<\/div>\n<\/div>\n<\/div>\n","protected":false},"excerpt":{"rendered":"<p>Vi benytter informasjonskapsler (cookies) eller andre tilsvarende teknikker p\u00e5 nettsiden v\u00e5r. Informasjonskapslene er korte tekstfiler som nettleseren lagrer n\u00e5r du bes\u00f8ker forskjellige webtjenester. Ved hjelp av informasjonskapslene kan nettsiden identifisere datamaskinen du benytter. Opplysningene som informasjonskapslene samler inn brukes bl.a. til personifisering av brukeropplevelse, m\u00e5lretting av markedsf\u00f8ring, utvikling av webtjenesten og forbedring av servicen samt&hellip;<\/p>\n","protected":false},"author":1,"featured_media":0,"parent":0,"menu_order":0,"comment_status":"closed","ping_status":"closed","template":"","meta":{"_acf_changed":false,"footnotes":""},"class_list":["post-3237","page","type-page","status-publish","hentry"],"acf":[],"yoast_head":"<!-- This site is optimized with the Yoast SEO plugin v26.6 - https:\/\/yoast.com\/wordpress\/plugins\/seo\/ -->\n<title>Bruk av informasjonskapsler - Masitools<\/title>\n<meta name=\"robots\" content=\"index, follow, max-snippet:-1, max-image-preview:large, max-video-preview:-1\" \/>\n<link rel=\"canonical\" href=\"https:\/\/www.masitools.fi\/no\/bruk-av-informasjonskapsler\/\" \/>\n<meta property=\"og:locale\" content=\"nb_NO\" \/>\n<meta property=\"og:type\" content=\"article\" \/>\n<meta property=\"og:title\" content=\"Bruk av informasjonskapsler - Masitools\" \/>\n<meta property=\"og:description\" content=\"Vi benytter informasjonskapsler (cookies) eller andre tilsvarende teknikker p\u00e5 nettsiden v\u00e5r. Informasjonskapslene er korte tekstfiler som nettleseren lagrer n\u00e5r du bes\u00f8ker forskjellige webtjenester. Ved hjelp av informasjonskapslene kan nettsiden identifisere datamaskinen du benytter. Opplysningene som informasjonskapslene samler inn brukes bl.a. til personifisering av brukeropplevelse, m\u00e5lretting av markedsf\u00f8ring, utvikling av webtjenesten og forbedring av servicen samt&hellip;\" \/>\n<meta property=\"og:url\" content=\"https:\/\/www.masitools.fi\/no\/bruk-av-informasjonskapsler\/\" \/>\n<meta property=\"og:site_name\" content=\"Masitools\" \/>\n<meta property=\"article:publisher\" content=\"https:\/\/www.facebook.com\/Masitools\/\" \/>\n<meta property=\"article:modified_time\" content=\"2021-09-30T06:40:53+00:00\" \/>\n<meta name=\"twitter:card\" content=\"summary_large_image\" \/>\n<meta name=\"twitter:label1\" content=\"Ansl. lesetid\" \/>\n\t<meta name=\"twitter:data1\" content=\"1 minutt\" \/>\n<script type=\"application\/ld+json\" class=\"yoast-schema-graph\">{\"@context\":\"https:\/\/schema.org\",\"@graph\":[{\"@type\":\"WebPage\",\"@id\":\"https:\/\/www.masitools.fi\/no\/bruk-av-informasjonskapsler\/\",\"url\":\"https:\/\/www.masitools.fi\/no\/bruk-av-informasjonskapsler\/\",\"name\":\"Bruk av informasjonskapsler - Masitools\",\"isPartOf\":{\"@id\":\"https:\/\/www.masitools.fi\/fi\/#website\"},\"datePublished\":\"2019-08-16T09:59:23+00:00\",\"dateModified\":\"2021-09-30T06:40:53+00:00\",\"breadcrumb\":{\"@id\":\"https:\/\/www.masitools.fi\/no\/bruk-av-informasjonskapsler\/#breadcrumb\"},\"inLanguage\":\"nb-NO\",\"potentialAction\":[{\"@type\":\"ReadAction\",\"target\":[\"https:\/\/www.masitools.fi\/no\/bruk-av-informasjonskapsler\/\"]}]},{\"@type\":\"BreadcrumbList\",\"@id\":\"https:\/\/www.masitools.fi\/no\/bruk-av-informasjonskapsler\/#breadcrumb\",\"itemListElement\":[{\"@type\":\"ListItem\",\"position\":1,\"name\":\"Home\",\"item\":\"https:\/\/www.masitools.fi\/no\/\"},{\"@type\":\"ListItem\",\"position\":2,\"name\":\"Bruk av informasjonskapsler\"}]},{\"@type\":\"WebSite\",\"@id\":\"https:\/\/www.masitools.fi\/fi\/#website\",\"url\":\"https:\/\/www.masitools.fi\/fi\/\",\"name\":\"Masitools\",\"description\":\"\",\"publisher\":{\"@id\":\"https:\/\/www.masitools.fi\/fi\/#organization\"},\"potentialAction\":[{\"@type\":\"SearchAction\",\"target\":{\"@type\":\"EntryPoint\",\"urlTemplate\":\"https:\/\/www.masitools.fi\/fi\/?s={search_term_string}\"},\"query-input\":{\"@type\":\"PropertyValueSpecification\",\"valueRequired\":true,\"valueName\":\"search_term_string\"}}],\"inLanguage\":\"nb-NO\"},{\"@type\":\"Organization\",\"@id\":\"https:\/\/www.masitools.fi\/fi\/#organization\",\"name\":\"Masitools\",\"url\":\"https:\/\/www.masitools.fi\/fi\/\",\"logo\":{\"@type\":\"ImageObject\",\"inLanguage\":\"nb-NO\",\"@id\":\"https:\/\/www.masitools.fi\/fi\/#\/schema\/logo\/image\/\",\"url\":\"https:\/\/www.masitools.fi\/wp-content\/uploads\/2019\/08\/masi-favicon.png\",\"contentUrl\":\"https:\/\/www.masitools.fi\/wp-content\/uploads\/2019\/08\/masi-favicon.png\",\"width\":512,\"height\":512,\"caption\":\"Masitools\"},\"image\":{\"@id\":\"https:\/\/www.masitools.fi\/fi\/#\/schema\/logo\/image\/\"},\"sameAs\":[\"https:\/\/www.facebook.com\/Masitools\/\"]}]}<\/script>\n<!-- \/ Yoast SEO plugin. -->","yoast_head_json":{"title":"Bruk av informasjonskapsler - Masitools","robots":{"index":"index","follow":"follow","max-snippet":"max-snippet:-1","max-image-preview":"max-image-preview:large","max-video-preview":"max-video-preview:-1"},"canonical":"https:\/\/www.masitools.fi\/no\/bruk-av-informasjonskapsler\/","og_locale":"nb_NO","og_type":"article","og_title":"Bruk av informasjonskapsler - Masitools","og_description":"Vi benytter informasjonskapsler (cookies) eller andre tilsvarende teknikker p\u00e5 nettsiden v\u00e5r. Informasjonskapslene er korte tekstfiler som nettleseren lagrer n\u00e5r du bes\u00f8ker forskjellige webtjenester. Ved hjelp av informasjonskapslene kan nettsiden identifisere datamaskinen du benytter. Opplysningene som informasjonskapslene samler inn brukes bl.a. til personifisering av brukeropplevelse, m\u00e5lretting av markedsf\u00f8ring, utvikling av webtjenesten og forbedring av servicen samt&hellip;","og_url":"https:\/\/www.masitools.fi\/no\/bruk-av-informasjonskapsler\/","og_site_name":"Masitools","article_publisher":"https:\/\/www.facebook.com\/Masitools\/","article_modified_time":"2021-09-30T06:40:53+00:00","twitter_card":"summary_large_image","twitter_misc":{"Ansl. lesetid":"1 minutt"},"schema":{"@context":"https:\/\/schema.org","@graph":[{"@type":"WebPage","@id":"https:\/\/www.masitools.fi\/no\/bruk-av-informasjonskapsler\/","url":"https:\/\/www.masitools.fi\/no\/bruk-av-informasjonskapsler\/","name":"Bruk av informasjonskapsler - Masitools","isPartOf":{"@id":"https:\/\/www.masitools.fi\/fi\/#website"},"datePublished":"2019-08-16T09:59:23+00:00","dateModified":"2021-09-30T06:40:53+00:00","breadcrumb":{"@id":"https:\/\/www.masitools.fi\/no\/bruk-av-informasjonskapsler\/#breadcrumb"},"inLanguage":"nb-NO","potentialAction":[{"@type":"ReadAction","target":["https:\/\/www.masitools.fi\/no\/bruk-av-informasjonskapsler\/"]}]},{"@type":"BreadcrumbList","@id":"https:\/\/www.masitools.fi\/no\/bruk-av-informasjonskapsler\/#breadcrumb","itemListElement":[{"@type":"ListItem","position":1,"name":"Home","item":"https:\/\/www.masitools.fi\/no\/"},{"@type":"ListItem","position":2,"name":"Bruk av informasjonskapsler"}]},{"@type":"WebSite","@id":"https:\/\/www.masitools.fi\/fi\/#website","url":"https:\/\/www.masitools.fi\/fi\/","name":"Masitools","description":"","publisher":{"@id":"https:\/\/www.masitools.fi\/fi\/#organization"},"potentialAction":[{"@type":"SearchAction","target":{"@type":"EntryPoint","urlTemplate":"https:\/\/www.masitools.fi\/fi\/?s={search_term_string}"},"query-input":{"@type":"PropertyValueSpecification","valueRequired":true,"valueName":"search_term_string"}}],"inLanguage":"nb-NO"},{"@type":"Organization","@id":"https:\/\/www.masitools.fi\/fi\/#organization","name":"Masitools","url":"https:\/\/www.masitools.fi\/fi\/","logo":{"@type":"ImageObject","inLanguage":"nb-NO","@id":"https:\/\/www.masitools.fi\/fi\/#\/schema\/logo\/image\/","url":"https:\/\/www.masitools.fi\/wp-content\/uploads\/2019\/08\/masi-favicon.png","contentUrl":"https:\/\/www.masitools.fi\/wp-content\/uploads\/2019\/08\/masi-favicon.png","width":512,"height":512,"caption":"Masitools"},"image":{"@id":"https:\/\/www.masitools.fi\/fi\/#\/schema\/logo\/image\/"},"sameAs":["https:\/\/www.facebook.com\/Masitools\/"]}]}},"_links":{"self":[{"href":"https:\/\/www.masitools.fi\/no\/wp-json\/wp\/v2\/pages\/3237","targetHints":{"allow":["GET"]}}],"collection":[{"href":"https:\/\/www.masitools.fi\/no\/wp-json\/wp\/v2\/pages"}],"about":[{"href":"https:\/\/www.masitools.fi\/no\/wp-json\/wp\/v2\/types\/page"}],"author":[{"embeddable":true,"href":"https:\/\/www.masitools.fi\/no\/wp-json\/wp\/v2\/users\/1"}],"replies":[{"embeddable":true,"href":"https:\/\/www.masitools.fi\/no\/wp-json\/wp\/v2\/comments?post=3237"}],"version-history":[{"count":4,"href":"https:\/\/www.masitools.fi\/no\/wp-json\/wp\/v2\/pages\/3237\/revisions"}],"predecessor-version":[{"id":3567,"href":"https:\/\/www.masitools.fi\/no\/wp-json\/wp\/v2\/pages\/3237\/revisions\/3567"}],"wp:attachment":[{"href":"https:\/\/www.masitools.fi\/no\/wp-json\/wp\/v2\/media?parent=3237"}],"curies":[{"name":"wp","href":"https:\/\/api.w.org\/{rel}","templated":true}]}}