{"id":2,"date":"2018-05-12T12:26:09","date_gmt":"2018-05-12T12:26:09","guid":{"rendered":"http:\/\/www.masitools.fi\/?page_id=2"},"modified":"2026-04-14T15:19:46","modified_gmt":"2026-04-14T12:19:46","slug":"about","status":"publish","type":"page","link":"https:\/\/www.masitools.fi\/fi\/","title":{"rendered":"Etusivu"},"content":{"rendered":"\r\n<h2>Kevyemm\u00e4n lumity\u00f6n<br \/>puolesta<\/h2>\r\n<p>Masi-lumity\u00f6v\u00e4lineiden mallisto on markkinoiden laajin.<br \/>Masin valikoimista l\u00f6ytyy sopiva ty\u00f6v\u00e4line mihin tahansa lumity\u00f6h\u00f6n,<br \/>niin ammattilaiselle kuin kotipihan ahkeroijalle. Tutustu!<\/p>\r\n<h2>Masi-ty\u00f6v\u00e4lineet<\/h2>\r\n<p><a href=\"https:\/\/www.masitools.fi\/fi\/tuotteet\/lumikolat\/\" target=\"_self\" rel=\"noopener\"> <img loading=\"lazy\" decoding=\"async\" title=\"snosladar\" src=\"https:\/\/www.masitools.fi\/wp-content\/uploads\/2021\/08\/Lumikolat.png\" alt=\"snosladar\" width=\"367\" height=\"329\" \/> <\/a><\/p>\r\n<h3><a title=\"Lumikolat\" href=\"https:\/\/www.masitools.fi\/fi\/tuotteet\/lumikolat\/\" target=\"_self\" rel=\"noopener\"> Lumikolat <\/a><\/h3>\r\n<p><a href=\"https:\/\/www.masitools.fi\/fi\/tuotteet\/lumikolat\/\" target=\"_self\" rel=\"noopener\"> katso valikoima <\/a> <a href=\"https:\/\/www.masitools.fi\/fi\/tuotteet\/tyontimet-ja-lapiot\/\" target=\"_self\" rel=\"noopener\"> <img loading=\"lazy\" decoding=\"async\" title=\"lapiot_tyontimet_\" src=\"https:\/\/www.masitools.fi\/wp-content\/uploads\/2023\/09\/lapiot_tyontimet_.png\" alt=\"lapiot_tyontimet_\" width=\"367\" height=\"329\" \/> <\/a><\/p>\r\n<h3><a title=\"Ty\u00f6ntimet ja lapiot\" href=\"https:\/\/www.masitools.fi\/fi\/tuotteet\/tyontimet-ja-lapiot\/\" target=\"_self\" rel=\"noopener\"> Ty\u00f6ntimet ja lapiot <\/a><\/h3>\r\n<p><a href=\"https:\/\/www.masitools.fi\/fi\/tuotteet\/tyontimet-ja-lapiot\/\" target=\"_self\" rel=\"noopener\"> katso valikoima <\/a> <a href=\"https:\/\/www.masitools.fi\/fi\/tuotteet\/vapaa-aika\/\" target=\"_self\" rel=\"noopener\"> <img loading=\"lazy\" decoding=\"async\" title=\"fritid\" src=\"https:\/\/www.masitools.fi\/wp-content\/uploads\/2021\/08\/vapaa-aika.png\" alt=\"fritid\" width=\"367\" height=\"329\" \/> <\/a><\/p>\r\n<h3><a title=\"Vapaa-aika\" href=\"https:\/\/www.masitools.fi\/fi\/tuotteet\/vapaa-aika\/\" target=\"_self\" rel=\"noopener\"> Vapaa-aika <\/a><\/h3>\r\n<p><a href=\"https:\/\/www.masitools.fi\/fi\/tuotteet\/vapaa-aika\/\" target=\"_self\" rel=\"noopener\"> katso valikoima <\/a> <a href=\"https:\/\/www.masitools.fi\/fi\/tuotteet\/ammattilaisille\/\" target=\"_self\" rel=\"noopener\"> <img loading=\"lazy\" decoding=\"async\" title=\"proffs\" src=\"https:\/\/www.masitools.fi\/wp-content\/uploads\/2021\/08\/ammattilaisille.png\" alt=\"proffs\" width=\"367\" height=\"329\" \/> <\/a><\/p>\r\n<h3><a title=\"Ammattilaisille\" href=\"https:\/\/www.masitools.fi\/fi\/tuotteet\/ammattilaisille\/\" target=\"_self\" rel=\"noopener\"> Ammattilaisille <\/a><\/h3>\r\n<p><a href=\"https:\/\/www.masitools.fi\/fi\/tuotteet\/ammattilaisille\/\" target=\"_self\" rel=\"noopener\"> katso valikoima <\/a><\/p>\r\n<h2>Tuotekategoriat<\/h2>\r\n<p><a href=\"https:\/\/www.masitools.fi\/fi\/tuotteet\/pro-tuotteet\/\" target=\"_self\" rel=\"noopener\"> <img loading=\"lazy\" decoding=\"async\" title=\"Pro-2\" src=\"https:\/\/www.masitools.fi\/wp-content\/uploads\/2021\/09\/Pro-2.jpg\" alt=\"Pro-2\" width=\"437\" height=\"262\" \/> <\/a><\/p>\r\n<p>PRO-merkill\u00e4 varustetut tuotteet soveltuvat erityisesti ammattilaisk\u00e4ytt\u00f6\u00f6n.<\/p>\r\n<p><a href=\"https:\/\/www.masitools.fi\/fi\/tuotteet\/pro-tuotteet\/\" target=\"_self\" rel=\"noopener\"> katso valikoima <\/a> <a href=\"https:\/\/www.masitools.fi\/fi\/tuotteet\/ergo-tuotteet\/\" target=\"_self\" rel=\"noopener\"> <img loading=\"lazy\" decoding=\"async\" title=\"Ergo-2\" src=\"https:\/\/www.masitools.fi\/wp-content\/uploads\/2021\/09\/Ergo-2.jpg\" alt=\"Ergo-2\" width=\"437\" height=\"262\" \/> <\/a><\/p>\r\n<p>ERGO-merkityiss\u00e4 tuotteissa on kiinnitetty erityist\u00e4 huomiota ergonomiaan.<\/p>\r\n<p><a href=\"https:\/\/www.masitools.fi\/fi\/tuotteet\/ergo-tuotteet\/\" target=\"_self\" rel=\"noopener\"> katso valikoima <\/a> <a href=\"https:\/\/www.masitools.fi\/fi\/tuotteet\/grip-tuotteet\/\" target=\"_self\" rel=\"noopener\"> <img loading=\"lazy\" decoding=\"async\" title=\"Grip-2\" src=\"https:\/\/www.masitools.fi\/wp-content\/uploads\/2021\/09\/Grip-2.jpg\" alt=\"Grip-2\" width=\"437\" height=\"262\" \/> <\/a><\/p>\r\n<p>Masin lapioiden varsissa on nyt uusi entist\u00e4 pit\u00e4v\u00e4mpi ja l\u00e4mpim\u00e4mpi TPV-grippi.<\/p>\r\n<p><a href=\"https:\/\/www.masitools.fi\/fi\/tuotteet\/grip-tuotteet\/\" target=\"_self\" rel=\"noopener\"> katso valikoima <\/a><\/p>\r\n","protected":false},"excerpt":{"rendered":"<p>Kevyemm\u00e4n lumity\u00f6npuolesta Masi-lumity\u00f6v\u00e4lineiden mallisto on markkinoiden laajin.Masin valikoimista l\u00f6ytyy sopiva ty\u00f6v\u00e4line mihin tahansa lumity\u00f6h\u00f6n,niin ammattilaiselle kuin kotipihan ahkeroijalle. Tutustu! Masi-ty\u00f6v\u00e4lineet Lumikolat katso valikoima Ty\u00f6ntimet ja lapiot katso valikoima Vapaa-aika katso valikoima Ammattilaisille katso valikoima Tuotekategoriat PRO-merkill\u00e4 varustetut tuotteet soveltuvat erityisesti ammattilaisk\u00e4ytt\u00f6\u00f6n. katso valikoima ERGO-merkityiss\u00e4 tuotteissa on kiinnitetty erityist\u00e4 huomiota ergonomiaan. katso valikoima Masin lapioiden varsissa&hellip;<\/p>\n","protected":false},"author":1,"featured_media":0,"parent":0,"menu_order":0,"comment_status":"closed","ping_status":"open","template":"","meta":{"_acf_changed":false,"footnotes":""},"class_list":["post-2","page","type-page","status-publish","hentry"],"acf":[],"yoast_head":"<!-- This site is optimized with the Yoast SEO plugin v26.6 - https:\/\/yoast.com\/wordpress\/plugins\/seo\/ -->\n<title>Etusivu - Masitools<\/title>\n<meta name=\"description\" content=\"Masi-lumity\u00f6v\u00e4lineiden mallisto on markkinoiden laajin. Masin valikoimista l\u00f6ytyy sopiva ty\u00f6v\u00e4line mihin tahansa lumity\u00f6h\u00f6n.\" \/>\n<meta name=\"robots\" content=\"index, follow, max-snippet:-1, max-image-preview:large, max-video-preview:-1\" \/>\n<link rel=\"canonical\" href=\"https:\/\/www.masitools.fi\/fi\/\" \/>\n<meta property=\"og:locale\" content=\"fi_FI\" \/>\n<meta property=\"og:type\" content=\"article\" \/>\n<meta property=\"og:title\" content=\"Etusivu - Masitools\" \/>\n<meta property=\"og:description\" content=\"Masi-lumity\u00f6v\u00e4lineiden mallisto on markkinoiden laajin. Masin valikoimista l\u00f6ytyy sopiva ty\u00f6v\u00e4line mihin tahansa lumity\u00f6h\u00f6n.\" \/>\n<meta property=\"og:url\" content=\"https:\/\/www.masitools.fi\/fi\/\" \/>\n<meta property=\"og:site_name\" content=\"Masitools\" \/>\n<meta property=\"article:publisher\" content=\"https:\/\/www.facebook.com\/Masitools\/\" \/>\n<meta property=\"article:modified_time\" content=\"2026-04-14T12:19:46+00:00\" \/>\n<meta property=\"og:image\" content=\"https:\/\/www.masitools.fi\/wp-content\/uploads\/2021\/08\/Lumikolat.png\" \/>\n<meta name=\"twitter:card\" content=\"summary_large_image\" \/>\n<meta name=\"twitter:label1\" content=\"Arvioitu lukuaika\" \/>\n\t<meta name=\"twitter:data1\" content=\"2 minuuttia\" \/>\n<script type=\"application\/ld+json\" class=\"yoast-schema-graph\">{\"@context\":\"https:\/\/schema.org\",\"@graph\":[{\"@type\":\"WebPage\",\"@id\":\"https:\/\/www.masitools.fi\/fi\/\",\"url\":\"https:\/\/www.masitools.fi\/fi\/\",\"name\":\"Etusivu - Masitools\",\"isPartOf\":{\"@id\":\"https:\/\/www.masitools.fi\/fi\/#website\"},\"primaryImageOfPage\":{\"@id\":\"https:\/\/www.masitools.fi\/fi\/#primaryimage\"},\"image\":{\"@id\":\"https:\/\/www.masitools.fi\/fi\/#primaryimage\"},\"thumbnailUrl\":\"https:\/\/www.masitools.fi\/wp-content\/uploads\/2021\/08\/Lumikolat.png\",\"datePublished\":\"2018-05-12T12:26:09+00:00\",\"dateModified\":\"2026-04-14T12:19:46+00:00\",\"description\":\"Masi-lumity\u00f6v\u00e4lineiden mallisto on markkinoiden laajin. Masin valikoimista l\u00f6ytyy sopiva ty\u00f6v\u00e4line mihin tahansa lumity\u00f6h\u00f6n.\",\"breadcrumb\":{\"@id\":\"https:\/\/www.masitools.fi\/fi\/#breadcrumb\"},\"inLanguage\":\"fi\",\"potentialAction\":[{\"@type\":\"ReadAction\",\"target\":[\"https:\/\/www.masitools.fi\/fi\/\"]}]},{\"@type\":\"ImageObject\",\"inLanguage\":\"fi\",\"@id\":\"https:\/\/www.masitools.fi\/fi\/#primaryimage\",\"url\":\"https:\/\/www.masitools.fi\/wp-content\/uploads\/2021\/08\/Lumikolat.png\",\"contentUrl\":\"https:\/\/www.masitools.fi\/wp-content\/uploads\/2021\/08\/Lumikolat.png\"},{\"@type\":\"BreadcrumbList\",\"@id\":\"https:\/\/www.masitools.fi\/fi\/#breadcrumb\",\"itemListElement\":[{\"@type\":\"ListItem\",\"position\":1,\"name\":\"Home\",\"item\":\"https:\/\/www.masitools.fi\/fi\/\"},{\"@type\":\"ListItem\",\"position\":2,\"name\":\"Etusivu\"}]},{\"@type\":\"WebSite\",\"@id\":\"https:\/\/www.masitools.fi\/fi\/#website\",\"url\":\"https:\/\/www.masitools.fi\/fi\/\",\"name\":\"Masitools\",\"description\":\"\",\"publisher\":{\"@id\":\"https:\/\/www.masitools.fi\/fi\/#organization\"},\"potentialAction\":[{\"@type\":\"SearchAction\",\"target\":{\"@type\":\"EntryPoint\",\"urlTemplate\":\"https:\/\/www.masitools.fi\/fi\/?s={search_term_string}\"},\"query-input\":{\"@type\":\"PropertyValueSpecification\",\"valueRequired\":true,\"valueName\":\"search_term_string\"}}],\"inLanguage\":\"fi\"},{\"@type\":\"Organization\",\"@id\":\"https:\/\/www.masitools.fi\/fi\/#organization\",\"name\":\"Masitools\",\"url\":\"https:\/\/www.masitools.fi\/fi\/\",\"logo\":{\"@type\":\"ImageObject\",\"inLanguage\":\"fi\",\"@id\":\"https:\/\/www.masitools.fi\/fi\/#\/schema\/logo\/image\/\",\"url\":\"https:\/\/www.masitools.fi\/wp-content\/uploads\/2019\/08\/masi-favicon.png\",\"contentUrl\":\"https:\/\/www.masitools.fi\/wp-content\/uploads\/2019\/08\/masi-favicon.png\",\"width\":512,\"height\":512,\"caption\":\"Masitools\"},\"image\":{\"@id\":\"https:\/\/www.masitools.fi\/fi\/#\/schema\/logo\/image\/\"},\"sameAs\":[\"https:\/\/www.facebook.com\/Masitools\/\"]}]}<\/script>\n<!-- \/ Yoast SEO plugin. -->","yoast_head_json":{"title":"Etusivu - Masitools","description":"Masi-lumity\u00f6v\u00e4lineiden mallisto on markkinoiden laajin. Masin valikoimista l\u00f6ytyy sopiva ty\u00f6v\u00e4line mihin tahansa lumity\u00f6h\u00f6n.","robots":{"index":"index","follow":"follow","max-snippet":"max-snippet:-1","max-image-preview":"max-image-preview:large","max-video-preview":"max-video-preview:-1"},"canonical":"https:\/\/www.masitools.fi\/fi\/","og_locale":"fi_FI","og_type":"article","og_title":"Etusivu - Masitools","og_description":"Masi-lumity\u00f6v\u00e4lineiden mallisto on markkinoiden laajin. Masin valikoimista l\u00f6ytyy sopiva ty\u00f6v\u00e4line mihin tahansa lumity\u00f6h\u00f6n.","og_url":"https:\/\/www.masitools.fi\/fi\/","og_site_name":"Masitools","article_publisher":"https:\/\/www.facebook.com\/Masitools\/","article_modified_time":"2026-04-14T12:19:46+00:00","og_image":[{"url":"https:\/\/www.masitools.fi\/wp-content\/uploads\/2021\/08\/Lumikolat.png","type":"","width":"","height":""}],"twitter_card":"summary_large_image","twitter_misc":{"Arvioitu lukuaika":"2 minuuttia"},"schema":{"@context":"https:\/\/schema.org","@graph":[{"@type":"WebPage","@id":"https:\/\/www.masitools.fi\/fi\/","url":"https:\/\/www.masitools.fi\/fi\/","name":"Etusivu - Masitools","isPartOf":{"@id":"https:\/\/www.masitools.fi\/fi\/#website"},"primaryImageOfPage":{"@id":"https:\/\/www.masitools.fi\/fi\/#primaryimage"},"image":{"@id":"https:\/\/www.masitools.fi\/fi\/#primaryimage"},"thumbnailUrl":"https:\/\/www.masitools.fi\/wp-content\/uploads\/2021\/08\/Lumikolat.png","datePublished":"2018-05-12T12:26:09+00:00","dateModified":"2026-04-14T12:19:46+00:00","description":"Masi-lumity\u00f6v\u00e4lineiden mallisto on markkinoiden laajin. Masin valikoimista l\u00f6ytyy sopiva ty\u00f6v\u00e4line mihin tahansa lumity\u00f6h\u00f6n.","breadcrumb":{"@id":"https:\/\/www.masitools.fi\/fi\/#breadcrumb"},"inLanguage":"fi","potentialAction":[{"@type":"ReadAction","target":["https:\/\/www.masitools.fi\/fi\/"]}]},{"@type":"ImageObject","inLanguage":"fi","@id":"https:\/\/www.masitools.fi\/fi\/#primaryimage","url":"https:\/\/www.masitools.fi\/wp-content\/uploads\/2021\/08\/Lumikolat.png","contentUrl":"https:\/\/www.masitools.fi\/wp-content\/uploads\/2021\/08\/Lumikolat.png"},{"@type":"BreadcrumbList","@id":"https:\/\/www.masitools.fi\/fi\/#breadcrumb","itemListElement":[{"@type":"ListItem","position":1,"name":"Home","item":"https:\/\/www.masitools.fi\/fi\/"},{"@type":"ListItem","position":2,"name":"Etusivu"}]},{"@type":"WebSite","@id":"https:\/\/www.masitools.fi\/fi\/#website","url":"https:\/\/www.masitools.fi\/fi\/","name":"Masitools","description":"","publisher":{"@id":"https:\/\/www.masitools.fi\/fi\/#organization"},"potentialAction":[{"@type":"SearchAction","target":{"@type":"EntryPoint","urlTemplate":"https:\/\/www.masitools.fi\/fi\/?s={search_term_string}"},"query-input":{"@type":"PropertyValueSpecification","valueRequired":true,"valueName":"search_term_string"}}],"inLanguage":"fi"},{"@type":"Organization","@id":"https:\/\/www.masitools.fi\/fi\/#organization","name":"Masitools","url":"https:\/\/www.masitools.fi\/fi\/","logo":{"@type":"ImageObject","inLanguage":"fi","@id":"https:\/\/www.masitools.fi\/fi\/#\/schema\/logo\/image\/","url":"https:\/\/www.masitools.fi\/wp-content\/uploads\/2019\/08\/masi-favicon.png","contentUrl":"https:\/\/www.masitools.fi\/wp-content\/uploads\/2019\/08\/masi-favicon.png","width":512,"height":512,"caption":"Masitools"},"image":{"@id":"https:\/\/www.masitools.fi\/fi\/#\/schema\/logo\/image\/"},"sameAs":["https:\/\/www.facebook.com\/Masitools\/"]}]}},"_links":{"self":[{"href":"https:\/\/www.masitools.fi\/fi\/wp-json\/wp\/v2\/pages\/2","targetHints":{"allow":["GET"]}}],"collection":[{"href":"https:\/\/www.masitools.fi\/fi\/wp-json\/wp\/v2\/pages"}],"about":[{"href":"https:\/\/www.masitools.fi\/fi\/wp-json\/wp\/v2\/types\/page"}],"author":[{"embeddable":true,"href":"https:\/\/www.masitools.fi\/fi\/wp-json\/wp\/v2\/users\/1"}],"replies":[{"embeddable":true,"href":"https:\/\/www.masitools.fi\/fi\/wp-json\/wp\/v2\/comments?post=2"}],"version-history":[{"count":11,"href":"https:\/\/www.masitools.fi\/fi\/wp-json\/wp\/v2\/pages\/2\/revisions"}],"predecessor-version":[{"id":4322,"href":"https:\/\/www.masitools.fi\/fi\/wp-json\/wp\/v2\/pages\/2\/revisions\/4322"}],"wp:attachment":[{"href":"https:\/\/www.masitools.fi\/fi\/wp-json\/wp\/v2\/media?parent=2"}],"curies":[{"name":"wp","href":"https:\/\/api.w.org\/{rel}","templated":true}]}}