{"id":1242,"date":"2019-08-16T12:59:23","date_gmt":"2019-08-16T09:59:23","guid":{"rendered":"http:\/\/www.masitools.fi\/?page_id=1242"},"modified":"2021-09-17T10:55:49","modified_gmt":"2021-09-17T07:55:49","slug":"tietosuojakaytanto","status":"publish","type":"page","link":"https:\/\/www.masitools.fi\/fi\/tietosuojakaytanto\/","title":{"rendered":"Tietosuojak\u00e4yt\u00e4nt\u00f6"},"content":{"rendered":"<div id=\"block-delta-blocks-page-title\" class=\"block block-delta-blocks block-page-title block-delta-blocks-page-title odd block-without-title\">\n<div class=\"block-inner clearfix\">\n<div class=\"content clearfix\">\n<h3 id=\"page-title\" class=\"title\">Ev\u00e4steiden k\u00e4ytt\u00f6<\/h3>\n<\/div>\n<\/div>\n<\/div>\n<div id=\"block-system-main\" class=\"block block-system block-main block-system-main even block-without-title\">\n<div class=\"block-inner clearfix\">\n<div class=\"content clearfix\">\n<div class=\"ds-1col node node-sivu view-mode-full clearfix \">\n<div class=\"field field-name-body field-type-text-with-summary field-label-hidden clearfix\">\n<div class=\"field-items\">\n<div class=\"field-item even first last\">\n<p>K\u00e4yt\u00e4mme sivustollamme ev\u00e4steit\u00e4 (cookies) tai vastaavia tekniikoita. Ev\u00e4steet ovat lyhyit\u00e4 tekstitiedostoja, jotka selain tallentaa eri verkkopalveluissa vierailtaessa.<\/p>\n<p>Ev\u00e4steiden avulla sivusto tunnistaa k\u00e4ytt\u00e4m\u00e4si tietokoneen. Ev\u00e4steiden ker\u00e4\u00e4mi\u00e4 tietoja k\u00e4ytet\u00e4\u00e4n mm. k\u00e4ytt\u00e4j\u00e4kokemuksen personointiin, markkinoinnin kohdentamiseen, verkkopalvelun kehitt\u00e4miseen ja palvelun parantamiseen sek\u00e4 k\u00e4vij\u00e4tietojen seurantaan ja analysointiin.<\/p>\n<p>Ev\u00e4stetietoja ei yhdistet\u00e4 ker\u00e4\u00e4miimme rekisteritietoihin, vaan niit\u00e4 k\u00e4ytet\u00e4\u00e4n ainoastaan yleisell\u00e4 tasolla. Halutessasi voit poistaa selaimeesi tallentuneet ev\u00e4steet, mutta niiden poistaminen saattaa est\u00e4\u00e4 tai haitata sivustomme k\u00e4ytt\u00f6\u00e4.<\/p>\n<h3>Asiakastietojen k\u00e4sittely<\/h3>\n<p>Verkkosivuston palautelomakkeella ker\u00e4ttyj\u00e4 asiakastietoja k\u00e4ytet\u00e4\u00e4n vain kyseisen asian hoitamiseen. Tietoja s\u00e4ilytet\u00e4\u00e4n kolmen (3 kk) kuukauden ajan tai tarvittaessa asian hoitamisen ajan.<\/p>\n<\/div>\n<\/div>\n<\/div>\n<\/div>\n<\/div>\n<\/div>\n<\/div>\n","protected":false},"excerpt":{"rendered":"<p>Ev\u00e4steiden k\u00e4ytt\u00f6 K\u00e4yt\u00e4mme sivustollamme ev\u00e4steit\u00e4 (cookies) tai vastaavia tekniikoita. Ev\u00e4steet ovat lyhyit\u00e4 tekstitiedostoja, jotka selain tallentaa eri verkkopalveluissa vierailtaessa. Ev\u00e4steiden avulla sivusto tunnistaa k\u00e4ytt\u00e4m\u00e4si tietokoneen. Ev\u00e4steiden ker\u00e4\u00e4mi\u00e4 tietoja k\u00e4ytet\u00e4\u00e4n mm. k\u00e4ytt\u00e4j\u00e4kokemuksen personointiin, markkinoinnin kohdentamiseen, verkkopalvelun kehitt\u00e4miseen ja palvelun parantamiseen sek\u00e4 k\u00e4vij\u00e4tietojen seurantaan ja analysointiin. Ev\u00e4stetietoja ei yhdistet\u00e4 ker\u00e4\u00e4miimme rekisteritietoihin, vaan niit\u00e4 k\u00e4ytet\u00e4\u00e4n ainoastaan yleisell\u00e4 tasolla.&hellip;<\/p>\n","protected":false},"author":1,"featured_media":0,"parent":0,"menu_order":0,"comment_status":"closed","ping_status":"closed","template":"","meta":{"_acf_changed":false,"footnotes":""},"class_list":["post-1242","page","type-page","status-publish","hentry"],"acf":[],"yoast_head":"<!-- This site is optimized with the Yoast SEO plugin v26.6 - https:\/\/yoast.com\/wordpress\/plugins\/seo\/ -->\n<title>Tietosuojak\u00e4yt\u00e4nt\u00f6 - Masitools<\/title>\n<meta name=\"robots\" content=\"index, follow, max-snippet:-1, max-image-preview:large, max-video-preview:-1\" \/>\n<link rel=\"canonical\" href=\"https:\/\/www.masitools.fi\/fi\/tietosuojakaytanto\/\" \/>\n<meta property=\"og:locale\" content=\"fi_FI\" \/>\n<meta property=\"og:type\" content=\"article\" \/>\n<meta property=\"og:title\" content=\"Tietosuojak\u00e4yt\u00e4nt\u00f6 - Masitools\" \/>\n<meta property=\"og:description\" content=\"Ev\u00e4steiden k\u00e4ytt\u00f6 K\u00e4yt\u00e4mme sivustollamme ev\u00e4steit\u00e4 (cookies) tai vastaavia tekniikoita. Ev\u00e4steet ovat lyhyit\u00e4 tekstitiedostoja, jotka selain tallentaa eri verkkopalveluissa vierailtaessa. Ev\u00e4steiden avulla sivusto tunnistaa k\u00e4ytt\u00e4m\u00e4si tietokoneen. Ev\u00e4steiden ker\u00e4\u00e4mi\u00e4 tietoja k\u00e4ytet\u00e4\u00e4n mm. k\u00e4ytt\u00e4j\u00e4kokemuksen personointiin, markkinoinnin kohdentamiseen, verkkopalvelun kehitt\u00e4miseen ja palvelun parantamiseen sek\u00e4 k\u00e4vij\u00e4tietojen seurantaan ja analysointiin. Ev\u00e4stetietoja ei yhdistet\u00e4 ker\u00e4\u00e4miimme rekisteritietoihin, vaan niit\u00e4 k\u00e4ytet\u00e4\u00e4n ainoastaan yleisell\u00e4 tasolla.&hellip;\" \/>\n<meta property=\"og:url\" content=\"https:\/\/www.masitools.fi\/fi\/tietosuojakaytanto\/\" \/>\n<meta property=\"og:site_name\" content=\"Masitools\" \/>\n<meta property=\"article:publisher\" content=\"https:\/\/www.facebook.com\/Masitools\/\" \/>\n<meta property=\"article:modified_time\" content=\"2021-09-17T07:55:49+00:00\" \/>\n<meta name=\"twitter:card\" content=\"summary_large_image\" \/>\n<meta name=\"twitter:label1\" content=\"Arvioitu lukuaika\" \/>\n\t<meta name=\"twitter:data1\" content=\"1 minuutti\" \/>\n<script type=\"application\/ld+json\" class=\"yoast-schema-graph\">{\"@context\":\"https:\/\/schema.org\",\"@graph\":[{\"@type\":\"WebPage\",\"@id\":\"https:\/\/www.masitools.fi\/fi\/tietosuojakaytanto\/\",\"url\":\"https:\/\/www.masitools.fi\/fi\/tietosuojakaytanto\/\",\"name\":\"Tietosuojak\u00e4yt\u00e4nt\u00f6 - Masitools\",\"isPartOf\":{\"@id\":\"https:\/\/www.masitools.fi\/fi\/#website\"},\"datePublished\":\"2019-08-16T09:59:23+00:00\",\"dateModified\":\"2021-09-17T07:55:49+00:00\",\"breadcrumb\":{\"@id\":\"https:\/\/www.masitools.fi\/fi\/tietosuojakaytanto\/#breadcrumb\"},\"inLanguage\":\"fi\",\"potentialAction\":[{\"@type\":\"ReadAction\",\"target\":[\"https:\/\/www.masitools.fi\/fi\/tietosuojakaytanto\/\"]}]},{\"@type\":\"BreadcrumbList\",\"@id\":\"https:\/\/www.masitools.fi\/fi\/tietosuojakaytanto\/#breadcrumb\",\"itemListElement\":[{\"@type\":\"ListItem\",\"position\":1,\"name\":\"Home\",\"item\":\"https:\/\/www.masitools.fi\/fi\/\"},{\"@type\":\"ListItem\",\"position\":2,\"name\":\"Tietosuojak\u00e4yt\u00e4nt\u00f6\"}]},{\"@type\":\"WebSite\",\"@id\":\"https:\/\/www.masitools.fi\/fi\/#website\",\"url\":\"https:\/\/www.masitools.fi\/fi\/\",\"name\":\"Masitools\",\"description\":\"\",\"publisher\":{\"@id\":\"https:\/\/www.masitools.fi\/fi\/#organization\"},\"potentialAction\":[{\"@type\":\"SearchAction\",\"target\":{\"@type\":\"EntryPoint\",\"urlTemplate\":\"https:\/\/www.masitools.fi\/fi\/?s={search_term_string}\"},\"query-input\":{\"@type\":\"PropertyValueSpecification\",\"valueRequired\":true,\"valueName\":\"search_term_string\"}}],\"inLanguage\":\"fi\"},{\"@type\":\"Organization\",\"@id\":\"https:\/\/www.masitools.fi\/fi\/#organization\",\"name\":\"Masitools\",\"url\":\"https:\/\/www.masitools.fi\/fi\/\",\"logo\":{\"@type\":\"ImageObject\",\"inLanguage\":\"fi\",\"@id\":\"https:\/\/www.masitools.fi\/fi\/#\/schema\/logo\/image\/\",\"url\":\"https:\/\/www.masitools.fi\/wp-content\/uploads\/2019\/08\/masi-favicon.png\",\"contentUrl\":\"https:\/\/www.masitools.fi\/wp-content\/uploads\/2019\/08\/masi-favicon.png\",\"width\":512,\"height\":512,\"caption\":\"Masitools\"},\"image\":{\"@id\":\"https:\/\/www.masitools.fi\/fi\/#\/schema\/logo\/image\/\"},\"sameAs\":[\"https:\/\/www.facebook.com\/Masitools\/\"]}]}<\/script>\n<!-- \/ Yoast SEO plugin. -->","yoast_head_json":{"title":"Tietosuojak\u00e4yt\u00e4nt\u00f6 - Masitools","robots":{"index":"index","follow":"follow","max-snippet":"max-snippet:-1","max-image-preview":"max-image-preview:large","max-video-preview":"max-video-preview:-1"},"canonical":"https:\/\/www.masitools.fi\/fi\/tietosuojakaytanto\/","og_locale":"fi_FI","og_type":"article","og_title":"Tietosuojak\u00e4yt\u00e4nt\u00f6 - Masitools","og_description":"Ev\u00e4steiden k\u00e4ytt\u00f6 K\u00e4yt\u00e4mme sivustollamme ev\u00e4steit\u00e4 (cookies) tai vastaavia tekniikoita. Ev\u00e4steet ovat lyhyit\u00e4 tekstitiedostoja, jotka selain tallentaa eri verkkopalveluissa vierailtaessa. Ev\u00e4steiden avulla sivusto tunnistaa k\u00e4ytt\u00e4m\u00e4si tietokoneen. Ev\u00e4steiden ker\u00e4\u00e4mi\u00e4 tietoja k\u00e4ytet\u00e4\u00e4n mm. k\u00e4ytt\u00e4j\u00e4kokemuksen personointiin, markkinoinnin kohdentamiseen, verkkopalvelun kehitt\u00e4miseen ja palvelun parantamiseen sek\u00e4 k\u00e4vij\u00e4tietojen seurantaan ja analysointiin. Ev\u00e4stetietoja ei yhdistet\u00e4 ker\u00e4\u00e4miimme rekisteritietoihin, vaan niit\u00e4 k\u00e4ytet\u00e4\u00e4n ainoastaan yleisell\u00e4 tasolla.&hellip;","og_url":"https:\/\/www.masitools.fi\/fi\/tietosuojakaytanto\/","og_site_name":"Masitools","article_publisher":"https:\/\/www.facebook.com\/Masitools\/","article_modified_time":"2021-09-17T07:55:49+00:00","twitter_card":"summary_large_image","twitter_misc":{"Arvioitu lukuaika":"1 minuutti"},"schema":{"@context":"https:\/\/schema.org","@graph":[{"@type":"WebPage","@id":"https:\/\/www.masitools.fi\/fi\/tietosuojakaytanto\/","url":"https:\/\/www.masitools.fi\/fi\/tietosuojakaytanto\/","name":"Tietosuojak\u00e4yt\u00e4nt\u00f6 - Masitools","isPartOf":{"@id":"https:\/\/www.masitools.fi\/fi\/#website"},"datePublished":"2019-08-16T09:59:23+00:00","dateModified":"2021-09-17T07:55:49+00:00","breadcrumb":{"@id":"https:\/\/www.masitools.fi\/fi\/tietosuojakaytanto\/#breadcrumb"},"inLanguage":"fi","potentialAction":[{"@type":"ReadAction","target":["https:\/\/www.masitools.fi\/fi\/tietosuojakaytanto\/"]}]},{"@type":"BreadcrumbList","@id":"https:\/\/www.masitools.fi\/fi\/tietosuojakaytanto\/#breadcrumb","itemListElement":[{"@type":"ListItem","position":1,"name":"Home","item":"https:\/\/www.masitools.fi\/fi\/"},{"@type":"ListItem","position":2,"name":"Tietosuojak\u00e4yt\u00e4nt\u00f6"}]},{"@type":"WebSite","@id":"https:\/\/www.masitools.fi\/fi\/#website","url":"https:\/\/www.masitools.fi\/fi\/","name":"Masitools","description":"","publisher":{"@id":"https:\/\/www.masitools.fi\/fi\/#organization"},"potentialAction":[{"@type":"SearchAction","target":{"@type":"EntryPoint","urlTemplate":"https:\/\/www.masitools.fi\/fi\/?s={search_term_string}"},"query-input":{"@type":"PropertyValueSpecification","valueRequired":true,"valueName":"search_term_string"}}],"inLanguage":"fi"},{"@type":"Organization","@id":"https:\/\/www.masitools.fi\/fi\/#organization","name":"Masitools","url":"https:\/\/www.masitools.fi\/fi\/","logo":{"@type":"ImageObject","inLanguage":"fi","@id":"https:\/\/www.masitools.fi\/fi\/#\/schema\/logo\/image\/","url":"https:\/\/www.masitools.fi\/wp-content\/uploads\/2019\/08\/masi-favicon.png","contentUrl":"https:\/\/www.masitools.fi\/wp-content\/uploads\/2019\/08\/masi-favicon.png","width":512,"height":512,"caption":"Masitools"},"image":{"@id":"https:\/\/www.masitools.fi\/fi\/#\/schema\/logo\/image\/"},"sameAs":["https:\/\/www.facebook.com\/Masitools\/"]}]}},"_links":{"self":[{"href":"https:\/\/www.masitools.fi\/fi\/wp-json\/wp\/v2\/pages\/1242","targetHints":{"allow":["GET"]}}],"collection":[{"href":"https:\/\/www.masitools.fi\/fi\/wp-json\/wp\/v2\/pages"}],"about":[{"href":"https:\/\/www.masitools.fi\/fi\/wp-json\/wp\/v2\/types\/page"}],"author":[{"embeddable":true,"href":"https:\/\/www.masitools.fi\/fi\/wp-json\/wp\/v2\/users\/1"}],"replies":[{"embeddable":true,"href":"https:\/\/www.masitools.fi\/fi\/wp-json\/wp\/v2\/comments?post=1242"}],"version-history":[{"count":3,"href":"https:\/\/www.masitools.fi\/fi\/wp-json\/wp\/v2\/pages\/1242\/revisions"}],"predecessor-version":[{"id":1749,"href":"https:\/\/www.masitools.fi\/fi\/wp-json\/wp\/v2\/pages\/1242\/revisions\/1749"}],"wp:attachment":[{"href":"https:\/\/www.masitools.fi\/fi\/wp-json\/wp\/v2\/media?parent=1242"}],"curies":[{"name":"wp","href":"https:\/\/api.w.org\/{rel}","templated":true}]}}