{"id":1039,"date":"2019-08-14T11:34:18","date_gmt":"2019-08-14T08:34:18","guid":{"rendered":"http:\/\/www.masitools.fi\/?page_id=1039"},"modified":"2024-01-05T13:51:02","modified_gmt":"2024-01-05T11:51:02","slug":"hallinto","status":"publish","type":"page","link":"https:\/\/www.masitools.fi\/fi\/hallinto\/","title":{"rendered":"Hallinto"},"content":{"rendered":"\n\n\t<strong>Jussi Heino<\/strong><br \/>\nToimitusjohtaja<br \/>\np. +358 50 529 8974\n<strong>Sini M\u00e4kel\u00e4<br \/>\n<\/strong>Controller<strong><br \/>\n<\/strong>p. +358 40 192 2625\n<strong>Saku Urponen<\/strong><br \/>\nLaatup\u00e4\u00e4llikk\u00f6<br \/>\np. +358 50 366 5119\n<strong>Mikko Ranne<\/strong><br \/>\nTuotantop\u00e4\u00e4llikk\u00f6<br \/>\np. +358 50 534 9734\n<p>S\u00e4hk\u00f6postiosoitteet muotoa:\u00a0<a href=\"https:\/\/www.masitools.fi\/fi\/\/ailto:etunimi.sukunimi@motoseal.fi\">etunimi.sukunimi@motoseal.fi<\/a><\/p>\n\n","protected":false},"excerpt":{"rendered":"<p>Jussi Heino Toimitusjohtaja p. +358 50 529 8974 Sini M\u00e4kel\u00e4 Controller p. +358 40 192 2625 Saku Urponen Laatup\u00e4\u00e4llikk\u00f6 p. +358 50 366 5119 Mikko Ranne Tuotantop\u00e4\u00e4llikk\u00f6 p. +358 50 534 9734 S\u00e4hk\u00f6postiosoitteet muotoa:\u00a0etunimi.sukunimi@motoseal.fi<\/p>\n","protected":false},"author":1,"featured_media":0,"parent":0,"menu_order":0,"comment_status":"closed","ping_status":"closed","template":"","meta":{"_acf_changed":false,"footnotes":""},"class_list":["post-1039","page","type-page","status-publish","hentry"],"acf":[],"yoast_head":"<!-- This site is optimized with the Yoast SEO plugin v26.6 - https:\/\/yoast.com\/wordpress\/plugins\/seo\/ -->\n<title>Hallinto - Masitools<\/title>\n<meta name=\"robots\" content=\"index, follow, max-snippet:-1, max-image-preview:large, max-video-preview:-1\" \/>\n<link rel=\"canonical\" href=\"https:\/\/www.masitools.fi\/fi\/hallinto\/\" \/>\n<meta property=\"og:locale\" content=\"fi_FI\" \/>\n<meta property=\"og:type\" content=\"article\" \/>\n<meta property=\"og:title\" content=\"Hallinto - Masitools\" \/>\n<meta property=\"og:description\" content=\"Jussi Heino Toimitusjohtaja p. +358 50 529 8974 Sini M\u00e4kel\u00e4 Controller p. +358 40 192 2625 Saku Urponen Laatup\u00e4\u00e4llikk\u00f6 p. +358 50 366 5119 Mikko Ranne Tuotantop\u00e4\u00e4llikk\u00f6 p. +358 50 534 9734 S\u00e4hk\u00f6postiosoitteet muotoa:\u00a0etunimi.sukunimi@motoseal.fi\" \/>\n<meta property=\"og:url\" content=\"https:\/\/www.masitools.fi\/fi\/hallinto\/\" \/>\n<meta property=\"og:site_name\" content=\"Masitools\" \/>\n<meta property=\"article:publisher\" content=\"https:\/\/www.facebook.com\/Masitools\/\" \/>\n<meta property=\"article:modified_time\" content=\"2024-01-05T11:51:02+00:00\" \/>\n<meta name=\"twitter:card\" content=\"summary_large_image\" \/>\n<meta name=\"twitter:label1\" content=\"Arvioitu lukuaika\" \/>\n\t<meta name=\"twitter:data1\" content=\"1 minuutti\" \/>\n<script type=\"application\/ld+json\" class=\"yoast-schema-graph\">{\"@context\":\"https:\/\/schema.org\",\"@graph\":[{\"@type\":\"WebPage\",\"@id\":\"https:\/\/www.masitools.fi\/fi\/hallinto\/\",\"url\":\"https:\/\/www.masitools.fi\/fi\/hallinto\/\",\"name\":\"Hallinto - Masitools\",\"isPartOf\":{\"@id\":\"https:\/\/www.masitools.fi\/fi\/#website\"},\"datePublished\":\"2019-08-14T08:34:18+00:00\",\"dateModified\":\"2024-01-05T11:51:02+00:00\",\"breadcrumb\":{\"@id\":\"https:\/\/www.masitools.fi\/fi\/hallinto\/#breadcrumb\"},\"inLanguage\":\"fi\",\"potentialAction\":[{\"@type\":\"ReadAction\",\"target\":[\"https:\/\/www.masitools.fi\/fi\/hallinto\/\"]}]},{\"@type\":\"BreadcrumbList\",\"@id\":\"https:\/\/www.masitools.fi\/fi\/hallinto\/#breadcrumb\",\"itemListElement\":[{\"@type\":\"ListItem\",\"position\":1,\"name\":\"Home\",\"item\":\"https:\/\/www.masitools.fi\/fi\/\"},{\"@type\":\"ListItem\",\"position\":2,\"name\":\"Hallinto\"}]},{\"@type\":\"WebSite\",\"@id\":\"https:\/\/www.masitools.fi\/fi\/#website\",\"url\":\"https:\/\/www.masitools.fi\/fi\/\",\"name\":\"Masitools\",\"description\":\"\",\"publisher\":{\"@id\":\"https:\/\/www.masitools.fi\/fi\/#organization\"},\"potentialAction\":[{\"@type\":\"SearchAction\",\"target\":{\"@type\":\"EntryPoint\",\"urlTemplate\":\"https:\/\/www.masitools.fi\/fi\/?s={search_term_string}\"},\"query-input\":{\"@type\":\"PropertyValueSpecification\",\"valueRequired\":true,\"valueName\":\"search_term_string\"}}],\"inLanguage\":\"fi\"},{\"@type\":\"Organization\",\"@id\":\"https:\/\/www.masitools.fi\/fi\/#organization\",\"name\":\"Masitools\",\"url\":\"https:\/\/www.masitools.fi\/fi\/\",\"logo\":{\"@type\":\"ImageObject\",\"inLanguage\":\"fi\",\"@id\":\"https:\/\/www.masitools.fi\/fi\/#\/schema\/logo\/image\/\",\"url\":\"https:\/\/www.masitools.fi\/wp-content\/uploads\/2019\/08\/masi-favicon.png\",\"contentUrl\":\"https:\/\/www.masitools.fi\/wp-content\/uploads\/2019\/08\/masi-favicon.png\",\"width\":512,\"height\":512,\"caption\":\"Masitools\"},\"image\":{\"@id\":\"https:\/\/www.masitools.fi\/fi\/#\/schema\/logo\/image\/\"},\"sameAs\":[\"https:\/\/www.facebook.com\/Masitools\/\"]}]}<\/script>\n<!-- \/ Yoast SEO plugin. -->","yoast_head_json":{"title":"Hallinto - Masitools","robots":{"index":"index","follow":"follow","max-snippet":"max-snippet:-1","max-image-preview":"max-image-preview:large","max-video-preview":"max-video-preview:-1"},"canonical":"https:\/\/www.masitools.fi\/fi\/hallinto\/","og_locale":"fi_FI","og_type":"article","og_title":"Hallinto - Masitools","og_description":"Jussi Heino Toimitusjohtaja p. +358 50 529 8974 Sini M\u00e4kel\u00e4 Controller p. +358 40 192 2625 Saku Urponen Laatup\u00e4\u00e4llikk\u00f6 p. +358 50 366 5119 Mikko Ranne Tuotantop\u00e4\u00e4llikk\u00f6 p. +358 50 534 9734 S\u00e4hk\u00f6postiosoitteet muotoa:\u00a0etunimi.sukunimi@motoseal.fi","og_url":"https:\/\/www.masitools.fi\/fi\/hallinto\/","og_site_name":"Masitools","article_publisher":"https:\/\/www.facebook.com\/Masitools\/","article_modified_time":"2024-01-05T11:51:02+00:00","twitter_card":"summary_large_image","twitter_misc":{"Arvioitu lukuaika":"1 minuutti"},"schema":{"@context":"https:\/\/schema.org","@graph":[{"@type":"WebPage","@id":"https:\/\/www.masitools.fi\/fi\/hallinto\/","url":"https:\/\/www.masitools.fi\/fi\/hallinto\/","name":"Hallinto - Masitools","isPartOf":{"@id":"https:\/\/www.masitools.fi\/fi\/#website"},"datePublished":"2019-08-14T08:34:18+00:00","dateModified":"2024-01-05T11:51:02+00:00","breadcrumb":{"@id":"https:\/\/www.masitools.fi\/fi\/hallinto\/#breadcrumb"},"inLanguage":"fi","potentialAction":[{"@type":"ReadAction","target":["https:\/\/www.masitools.fi\/fi\/hallinto\/"]}]},{"@type":"BreadcrumbList","@id":"https:\/\/www.masitools.fi\/fi\/hallinto\/#breadcrumb","itemListElement":[{"@type":"ListItem","position":1,"name":"Home","item":"https:\/\/www.masitools.fi\/fi\/"},{"@type":"ListItem","position":2,"name":"Hallinto"}]},{"@type":"WebSite","@id":"https:\/\/www.masitools.fi\/fi\/#website","url":"https:\/\/www.masitools.fi\/fi\/","name":"Masitools","description":"","publisher":{"@id":"https:\/\/www.masitools.fi\/fi\/#organization"},"potentialAction":[{"@type":"SearchAction","target":{"@type":"EntryPoint","urlTemplate":"https:\/\/www.masitools.fi\/fi\/?s={search_term_string}"},"query-input":{"@type":"PropertyValueSpecification","valueRequired":true,"valueName":"search_term_string"}}],"inLanguage":"fi"},{"@type":"Organization","@id":"https:\/\/www.masitools.fi\/fi\/#organization","name":"Masitools","url":"https:\/\/www.masitools.fi\/fi\/","logo":{"@type":"ImageObject","inLanguage":"fi","@id":"https:\/\/www.masitools.fi\/fi\/#\/schema\/logo\/image\/","url":"https:\/\/www.masitools.fi\/wp-content\/uploads\/2019\/08\/masi-favicon.png","contentUrl":"https:\/\/www.masitools.fi\/wp-content\/uploads\/2019\/08\/masi-favicon.png","width":512,"height":512,"caption":"Masitools"},"image":{"@id":"https:\/\/www.masitools.fi\/fi\/#\/schema\/logo\/image\/"},"sameAs":["https:\/\/www.facebook.com\/Masitools\/"]}]}},"_links":{"self":[{"href":"https:\/\/www.masitools.fi\/fi\/wp-json\/wp\/v2\/pages\/1039","targetHints":{"allow":["GET"]}}],"collection":[{"href":"https:\/\/www.masitools.fi\/fi\/wp-json\/wp\/v2\/pages"}],"about":[{"href":"https:\/\/www.masitools.fi\/fi\/wp-json\/wp\/v2\/types\/page"}],"author":[{"embeddable":true,"href":"https:\/\/www.masitools.fi\/fi\/wp-json\/wp\/v2\/users\/1"}],"replies":[{"embeddable":true,"href":"https:\/\/www.masitools.fi\/fi\/wp-json\/wp\/v2\/comments?post=1039"}],"version-history":[{"count":12,"href":"https:\/\/www.masitools.fi\/fi\/wp-json\/wp\/v2\/pages\/1039\/revisions"}],"predecessor-version":[{"id":4254,"href":"https:\/\/www.masitools.fi\/fi\/wp-json\/wp\/v2\/pages\/1039\/revisions\/4254"}],"wp:attachment":[{"href":"https:\/\/www.masitools.fi\/fi\/wp-json\/wp\/v2\/media?parent=1039"}],"curies":[{"name":"wp","href":"https:\/\/api.w.org\/{rel}","templated":true}]}}