{"id":103,"date":"2019-07-24T09:36:36","date_gmt":"2019-07-24T06:36:36","guid":{"rendered":"http:\/\/www.masitools.fi\/?page_id=103"},"modified":"2024-10-23T15:06:40","modified_gmt":"2024-10-23T12:06:40","slug":"yritys","status":"publish","type":"page","link":"https:\/\/www.masitools.fi\/fi\/yritys\/","title":{"rendered":"Yritys"},"content":{"rendered":"\n<h1>\n\t\tMasin talvinen tarina &#8211; <br \/>edell\u00e4k\u00e4vij\u00e4 jo syntyess\u00e4\u00e4n\n\t<\/h1>\n<h3>\n\t\tRaumalaisten Masi-talvity\u00f6v\u00e4lineiden matka maailmalle alkoi yli 40 vuotta sitten. Suomen ensimm\u00e4iset polyeteenimuovista valmistetut kolat, Masi-lumikolat valmistettiin vuonna 1982. Siit\u00e4 saakka on yrityksen tarina jatkunut vahvana ja kasvavana suomalaisten laatutuotteiden valmistajana ja markkinoijana\n\t<\/h3>\n\t<p>&nbsp;<\/p>\n<p>Masien kehitt\u00e4j\u00e4, valmistaja ja myyj\u00e4 Motoseal Components Oy on ainoa talvity\u00f6v\u00e4lineiden valmistaja, jonka laatu- ja ymp\u00e4rist\u00f6nhallintaj\u00e4rjestelm\u00e4t on sertifioitu\u00a0<strong>ISO9001<\/strong>\u00a0ja\u00a0<strong>ISO14001<\/strong> standardien mukaisesti. Olemme keskittyneet yh\u00e4 enemm\u00e4n k\u00e4ytt\u00e4m\u00e4\u00e4n suomalaista osaamista koko toimitusketjussamme ja kaikki t\u00e4rkeimm\u00e4t Masi-tuotteet ovat oikeutettuja Suomalaisen Ty\u00f6n Liiton avainlipputunnuksen k\u00e4ytt\u00f6\u00f6n.<\/p>\n<p>&nbsp;<\/p>\n<p>Masi-talvity\u00f6v\u00e4lineit\u00e4 myyd\u00e4\u00e4n nykyisin vakituisesti kotimaan lis\u00e4ksi Ruotsissa, Norjassa, Ven\u00e4j\u00e4ll\u00e4, Virossa ja Yhdysvalloissa. Kaikki alkoi kuitenkin hyvin kevyest\u00e4 ja luistavasta ideasta,<\/p>\n<p>jonka ansiosta Masi syntyi edell\u00e4k\u00e4vij\u00e4n\u00e4 omalla alallaan.<\/p>\n<h3>Ensimm\u00e4iset lumikolat valmistettiin vuonna 1982<\/h3>\n<p>Idea polyeteenimuovista valmistettavasta lumikolasta kypsyi yrityksemme perustajan Teuvo Sallisen p\u00f6yt\u00e4laatikossa pari vuotta ennen kuin sopivat yhteisty\u00f6kumppanit l\u00f6ytyiv\u00e4t ja ensimm\u00e4iset Masi-lumikolat valmistettiin vuonna 1982. HDPE-muovia k\u00e4ytettiin jo aiemmin yrityksemme valmistamissa muissa tuotteissa, kuten traktoreiden lokasuojissa. Materiaali tiedettiin liukkaaksi ja kylm\u00e4\u00e4 kest\u00e4v\u00e4ksi aina -40 \u00baC l\u00e4mp\u00f6tilaan saakka.<\/p>\n<h3>1980-luvulla Masi-kola syrj\u00e4ytti lujitevalmisteiset ja ter\u00e4speltiset kilpailijansa<\/h3>\n<p>Uutuustuotteen lanseeraus onnistui erinomaisesti ja jo 80-luvun lopulla &#8221;kevyt, kest\u00e4v\u00e4 ja luistava&#8221; Masi-kola syrj\u00e4ytti lujitemuoviset ja ter\u00e4speltiset kilpailijansa Suomessa. My\u00f6s kilpailijat siirtyiv\u00e4t hyv\u00e4ksi havaitun materiaalin k\u00e4ytt\u00f6\u00f6n. Masikaan ei j\u00e4\u00e4nyt laakereillaan lep\u00e4\u00e4m\u00e4\u00e4n, vaan kehitimme perustuotteen Masi 80 -lumikolan rinnalle isomman Talkkari-mallin h\u00f6yl\u00e4\u00e4v\u00e4ll\u00e4 k\u00e4rkilistalla ja pienemm\u00e4n Masi 60 -mallin. Kaikki n\u00e4m\u00e4 mallit jatkavat edelleen valikoimassamme uudistettuina versioina.<\/p>\n<h3>1990-luvulla valikoimaa laajennettiin<\/h3>\n<p>Masi-tuotteiden valikoimaa laajennettiin 90-luvulle tultaessa lumikolista &#8221;pitk\u00e4vartisiin tuotteisiin&#8221; eli lumilapioihin ja lumenty\u00f6ntimiin. Samalla markkinoita alettiin toden teolla valloittamaan my\u00f6s Ruotsissa.<\/p>\n<h3>Vuonna 1996 toimitettiin 200 000. Masi-lumikola<\/h3>\n<p>Se oli uutuustuote Masi Nova, jonka muoviosa valmistetaan ruiskuvalumenetelm\u00e4ll\u00e4 kaasuavusteisesti. T\u00e4m\u00e4 oli ensimm\u00e4inen tuotteemme, joka suunniteltiin tietokoneavusteisesti 3D-ymp\u00e4rist\u00f6ss\u00e4. Haimme sille my\u00f6s ensimm\u00e4isen kansainv\u00e4lisen patenttimme. Nyky\u00e4\u00e4n kaikki tuotteemme 3D-mallinnetaan oman ammattitaitoisen suunnittelijakuntamme voimin. Suojaamme omat sek\u00e4 ulkopuolisilta keksij\u00f6ilt\u00e4 hankitut tuoteideat kansainv\u00e4lisill\u00e4 tuotesuojauksilla.<\/p>\n<h3>2000-luvun alussa uusi kokoonpanotekniikka<\/h3>\n<p>2000-luvun alussa kehitimme Masi-lumikolan ty\u00f6nt\u00f6aisojen valmistukseen uuden kokoonpanotekniikan. Aisat alettiin valmistaa isommasta ja k\u00e4delle mukavammasta 22 mm putkesta entisen 19 mm sijaan. Uusi tekniikka paransi my\u00f6s toimitusnopeutta ja pintak\u00e4sittelyn ymp\u00e4rist\u00f6yst\u00e4v\u00e4llisyytt\u00e4. Uudistuksen j\u00e4lkeenkin Masi-kolat tunnetaan siit\u00e4, ett\u00e4 ty\u00f6nt\u00f6aisan sis\u00e4ll\u00e4 on toinen putki vahvikkeena.<\/p>\n<h3>2002 jaoimme toimintaa Susivuoreen ja Hakunintielle<\/h3>\n<p>Vuonna 2002 Motosealin p\u00e4\u00e4konttori ja osavalmistus muuttivat uusiin tiloihin Isomets\u00e4ntielle Rauman Susivuoreen. Hakunintien &#8221;vanhaan&#8221; kiinteist\u00f6\u00f6n voitiin keskitt\u00e4\u00e4 Masi-tuotteiden kokoonpano ja logistiikka. Siirryimme samalla Masien tuotannossa kahdeksasta l\u00e4hialueen vuokratilasta yhteen keskitettyyn kokoonpanohalliin.<\/p>\n<h3>2005 esittelimme Masi Kevytkolan<\/h3>\n<p>Syksyll\u00e4 2005 esittelimme uuden edullisen Masi Kevytkolan edullisten kuluttajatuotteiden segmenttiin. Masin 25-vuotisjuhlia vietimme ty\u00f6n merkeiss\u00e4 syksyll\u00e4 2007.<\/p>\n<h3>2012 miljoonas Masi-talvity\u00f6v\u00e4line<\/h3>\n<p>Tammikuussa 2012 toimitettiin tehtaaltamme jo miljoonas Masi-talvity\u00f6v\u00e4line. Patentoidut uutuudet Masi Swing -lumilasta ja portaattomasti s\u00e4\u00e4dett\u00e4v\u00e4 Masi Polar Plus -lumikola tuotiin markkinoille seuraavana syksyn\u00e4.<\/p>\n<h3>2014 alumiinivartiset lapiot ja ty\u00f6ntimet<\/h3>\n<p>Syksyll\u00e4 2014 uudet, n\u00e4ytt\u00e4v\u00e4t, alumiinivartiset Polar AL -sarjan lapiot ja ty\u00f6ntimet vahvistivat asemaamme yhten\u00e4 Pohjolan johtavana talvity\u00f6v\u00e4lineiden toimittajana.<\/p>\n<h3>2016 Masi Nova Max -lumikola<\/h3>\n<p>Omaa luokkaa laadultaan ja ominaisuuksiltaan, Masi Nova Max -lumikola,<\/p>\n<p>jossa on patentoitu tuplaluja takalaidan vahvike.<\/p>\n<h3>2018 Uusi h\u00f6yl\u00e4\u00e4v\u00e4 Hardox\u00ae -kulutuster\u00e4<\/h3>\n<p>Masi Iso Talkkari -lumikola saatiin markkinoille, jossa on l\u00e4hes ikuinen h\u00f6yl\u00e4\u00e4v\u00e4 Hardox\u00ae -kulutuster\u00e4.<\/p>\n<h3>2019 Uuden sukupolven ergonomiset kahvat<\/h3>\n<p>Masin lapioihin muutettiin entist\u00e4kin j\u00e4m\u00e4k\u00e4mm\u00e4t kahvat, joissa<\/p>\n<p>ergonominen otekulma pit\u00e4\u00e4 ranteet rentoina ja tukevaan kahvaan sopii isompikin rukkanen.<\/p>\n<p>Masi on suomalaisen k\u00e4teen tehty.<\/p>\n<p>&nbsp;<\/p>\n\t\t\t\t<img loading=\"lazy\" decoding=\"async\" src=\"https:\/\/www.masitools.fi\/wp-content\/uploads\/2019\/08\/avainlippu.png\" alt=\"avainlippu\" itemprop=\"image\" height=\"142\" width=\"175\" title=\"avainlippu\" onerror=\"this.style.display='none'\"  \/>\n\n","protected":false},"excerpt":{"rendered":"<p>Masin talvinen tarina &#8211; edell\u00e4k\u00e4vij\u00e4 jo syntyess\u00e4\u00e4n Raumalaisten Masi-talvity\u00f6v\u00e4lineiden matka maailmalle alkoi yli 40 vuotta sitten. Suomen ensimm\u00e4iset polyeteenimuovista valmistetut kolat, Masi-lumikolat valmistettiin vuonna 1982. Siit\u00e4 saakka on yrityksen tarina jatkunut vahvana ja kasvavana suomalaisten laatutuotteiden valmistajana ja markkinoijana &nbsp; Masien kehitt\u00e4j\u00e4, valmistaja ja myyj\u00e4 Motoseal Components Oy on ainoa talvity\u00f6v\u00e4lineiden valmistaja, jonka laatu- ja&hellip;<\/p>\n","protected":false},"author":1,"featured_media":0,"parent":0,"menu_order":0,"comment_status":"closed","ping_status":"closed","template":"","meta":{"_acf_changed":false,"footnotes":""},"class_list":["post-103","page","type-page","status-publish","hentry"],"acf":[],"yoast_head":"<!-- This site is optimized with the Yoast SEO plugin v26.6 - https:\/\/yoast.com\/wordpress\/plugins\/seo\/ -->\n<title>Yritys - Masitools<\/title>\n<meta name=\"robots\" content=\"index, follow, max-snippet:-1, max-image-preview:large, max-video-preview:-1\" \/>\n<link rel=\"canonical\" href=\"https:\/\/www.masitools.fi\/fi\/yritys\/\" \/>\n<meta property=\"og:locale\" content=\"fi_FI\" \/>\n<meta property=\"og:type\" content=\"article\" \/>\n<meta property=\"og:title\" content=\"Yritys - Masitools\" \/>\n<meta property=\"og:description\" content=\"Masin talvinen tarina &#8211; edell\u00e4k\u00e4vij\u00e4 jo syntyess\u00e4\u00e4n Raumalaisten Masi-talvity\u00f6v\u00e4lineiden matka maailmalle alkoi yli 40 vuotta sitten. Suomen ensimm\u00e4iset polyeteenimuovista valmistetut kolat, Masi-lumikolat valmistettiin vuonna 1982. Siit\u00e4 saakka on yrityksen tarina jatkunut vahvana ja kasvavana suomalaisten laatutuotteiden valmistajana ja markkinoijana &nbsp; Masien kehitt\u00e4j\u00e4, valmistaja ja myyj\u00e4 Motoseal Components Oy on ainoa talvity\u00f6v\u00e4lineiden valmistaja, jonka laatu- ja&hellip;\" \/>\n<meta property=\"og:url\" content=\"https:\/\/www.masitools.fi\/fi\/yritys\/\" \/>\n<meta property=\"og:site_name\" content=\"Masitools\" \/>\n<meta property=\"article:publisher\" content=\"https:\/\/www.facebook.com\/Masitools\/\" \/>\n<meta property=\"article:modified_time\" content=\"2024-10-23T12:06:40+00:00\" \/>\n<meta property=\"og:image\" content=\"https:\/\/www.masitools.fi\/wp-content\/uploads\/2019\/08\/avainlippu.png\" \/>\n<meta name=\"twitter:card\" content=\"summary_large_image\" \/>\n<meta name=\"twitter:label1\" content=\"Arvioitu lukuaika\" \/>\n\t<meta name=\"twitter:data1\" content=\"3 minuuttia\" \/>\n<script type=\"application\/ld+json\" class=\"yoast-schema-graph\">{\"@context\":\"https:\/\/schema.org\",\"@graph\":[{\"@type\":\"WebPage\",\"@id\":\"https:\/\/www.masitools.fi\/fi\/yritys\/\",\"url\":\"https:\/\/www.masitools.fi\/fi\/yritys\/\",\"name\":\"Yritys - Masitools\",\"isPartOf\":{\"@id\":\"https:\/\/www.masitools.fi\/fi\/#website\"},\"primaryImageOfPage\":{\"@id\":\"https:\/\/www.masitools.fi\/fi\/yritys\/#primaryimage\"},\"image\":{\"@id\":\"https:\/\/www.masitools.fi\/fi\/yritys\/#primaryimage\"},\"thumbnailUrl\":\"https:\/\/www.masitools.fi\/wp-content\/uploads\/2019\/08\/avainlippu.png\",\"datePublished\":\"2019-07-24T06:36:36+00:00\",\"dateModified\":\"2024-10-23T12:06:40+00:00\",\"breadcrumb\":{\"@id\":\"https:\/\/www.masitools.fi\/fi\/yritys\/#breadcrumb\"},\"inLanguage\":\"fi\",\"potentialAction\":[{\"@type\":\"ReadAction\",\"target\":[\"https:\/\/www.masitools.fi\/fi\/yritys\/\"]}]},{\"@type\":\"ImageObject\",\"inLanguage\":\"fi\",\"@id\":\"https:\/\/www.masitools.fi\/fi\/yritys\/#primaryimage\",\"url\":\"https:\/\/www.masitools.fi\/wp-content\/uploads\/2019\/08\/avainlippu.png\",\"contentUrl\":\"https:\/\/www.masitools.fi\/wp-content\/uploads\/2019\/08\/avainlippu.png\"},{\"@type\":\"BreadcrumbList\",\"@id\":\"https:\/\/www.masitools.fi\/fi\/yritys\/#breadcrumb\",\"itemListElement\":[{\"@type\":\"ListItem\",\"position\":1,\"name\":\"Home\",\"item\":\"https:\/\/www.masitools.fi\/fi\/\"},{\"@type\":\"ListItem\",\"position\":2,\"name\":\"Yritys\"}]},{\"@type\":\"WebSite\",\"@id\":\"https:\/\/www.masitools.fi\/fi\/#website\",\"url\":\"https:\/\/www.masitools.fi\/fi\/\",\"name\":\"Masitools\",\"description\":\"\",\"publisher\":{\"@id\":\"https:\/\/www.masitools.fi\/fi\/#organization\"},\"potentialAction\":[{\"@type\":\"SearchAction\",\"target\":{\"@type\":\"EntryPoint\",\"urlTemplate\":\"https:\/\/www.masitools.fi\/fi\/?s={search_term_string}\"},\"query-input\":{\"@type\":\"PropertyValueSpecification\",\"valueRequired\":true,\"valueName\":\"search_term_string\"}}],\"inLanguage\":\"fi\"},{\"@type\":\"Organization\",\"@id\":\"https:\/\/www.masitools.fi\/fi\/#organization\",\"name\":\"Masitools\",\"url\":\"https:\/\/www.masitools.fi\/fi\/\",\"logo\":{\"@type\":\"ImageObject\",\"inLanguage\":\"fi\",\"@id\":\"https:\/\/www.masitools.fi\/fi\/#\/schema\/logo\/image\/\",\"url\":\"https:\/\/www.masitools.fi\/wp-content\/uploads\/2019\/08\/masi-favicon.png\",\"contentUrl\":\"https:\/\/www.masitools.fi\/wp-content\/uploads\/2019\/08\/masi-favicon.png\",\"width\":512,\"height\":512,\"caption\":\"Masitools\"},\"image\":{\"@id\":\"https:\/\/www.masitools.fi\/fi\/#\/schema\/logo\/image\/\"},\"sameAs\":[\"https:\/\/www.facebook.com\/Masitools\/\"]}]}<\/script>\n<!-- \/ Yoast SEO plugin. -->","yoast_head_json":{"title":"Yritys - Masitools","robots":{"index":"index","follow":"follow","max-snippet":"max-snippet:-1","max-image-preview":"max-image-preview:large","max-video-preview":"max-video-preview:-1"},"canonical":"https:\/\/www.masitools.fi\/fi\/yritys\/","og_locale":"fi_FI","og_type":"article","og_title":"Yritys - Masitools","og_description":"Masin talvinen tarina &#8211; edell\u00e4k\u00e4vij\u00e4 jo syntyess\u00e4\u00e4n Raumalaisten Masi-talvity\u00f6v\u00e4lineiden matka maailmalle alkoi yli 40 vuotta sitten. Suomen ensimm\u00e4iset polyeteenimuovista valmistetut kolat, Masi-lumikolat valmistettiin vuonna 1982. Siit\u00e4 saakka on yrityksen tarina jatkunut vahvana ja kasvavana suomalaisten laatutuotteiden valmistajana ja markkinoijana &nbsp; Masien kehitt\u00e4j\u00e4, valmistaja ja myyj\u00e4 Motoseal Components Oy on ainoa talvity\u00f6v\u00e4lineiden valmistaja, jonka laatu- ja&hellip;","og_url":"https:\/\/www.masitools.fi\/fi\/yritys\/","og_site_name":"Masitools","article_publisher":"https:\/\/www.facebook.com\/Masitools\/","article_modified_time":"2024-10-23T12:06:40+00:00","og_image":[{"url":"https:\/\/www.masitools.fi\/wp-content\/uploads\/2019\/08\/avainlippu.png","type":"","width":"","height":""}],"twitter_card":"summary_large_image","twitter_misc":{"Arvioitu lukuaika":"3 minuuttia"},"schema":{"@context":"https:\/\/schema.org","@graph":[{"@type":"WebPage","@id":"https:\/\/www.masitools.fi\/fi\/yritys\/","url":"https:\/\/www.masitools.fi\/fi\/yritys\/","name":"Yritys - Masitools","isPartOf":{"@id":"https:\/\/www.masitools.fi\/fi\/#website"},"primaryImageOfPage":{"@id":"https:\/\/www.masitools.fi\/fi\/yritys\/#primaryimage"},"image":{"@id":"https:\/\/www.masitools.fi\/fi\/yritys\/#primaryimage"},"thumbnailUrl":"https:\/\/www.masitools.fi\/wp-content\/uploads\/2019\/08\/avainlippu.png","datePublished":"2019-07-24T06:36:36+00:00","dateModified":"2024-10-23T12:06:40+00:00","breadcrumb":{"@id":"https:\/\/www.masitools.fi\/fi\/yritys\/#breadcrumb"},"inLanguage":"fi","potentialAction":[{"@type":"ReadAction","target":["https:\/\/www.masitools.fi\/fi\/yritys\/"]}]},{"@type":"ImageObject","inLanguage":"fi","@id":"https:\/\/www.masitools.fi\/fi\/yritys\/#primaryimage","url":"https:\/\/www.masitools.fi\/wp-content\/uploads\/2019\/08\/avainlippu.png","contentUrl":"https:\/\/www.masitools.fi\/wp-content\/uploads\/2019\/08\/avainlippu.png"},{"@type":"BreadcrumbList","@id":"https:\/\/www.masitools.fi\/fi\/yritys\/#breadcrumb","itemListElement":[{"@type":"ListItem","position":1,"name":"Home","item":"https:\/\/www.masitools.fi\/fi\/"},{"@type":"ListItem","position":2,"name":"Yritys"}]},{"@type":"WebSite","@id":"https:\/\/www.masitools.fi\/fi\/#website","url":"https:\/\/www.masitools.fi\/fi\/","name":"Masitools","description":"","publisher":{"@id":"https:\/\/www.masitools.fi\/fi\/#organization"},"potentialAction":[{"@type":"SearchAction","target":{"@type":"EntryPoint","urlTemplate":"https:\/\/www.masitools.fi\/fi\/?s={search_term_string}"},"query-input":{"@type":"PropertyValueSpecification","valueRequired":true,"valueName":"search_term_string"}}],"inLanguage":"fi"},{"@type":"Organization","@id":"https:\/\/www.masitools.fi\/fi\/#organization","name":"Masitools","url":"https:\/\/www.masitools.fi\/fi\/","logo":{"@type":"ImageObject","inLanguage":"fi","@id":"https:\/\/www.masitools.fi\/fi\/#\/schema\/logo\/image\/","url":"https:\/\/www.masitools.fi\/wp-content\/uploads\/2019\/08\/masi-favicon.png","contentUrl":"https:\/\/www.masitools.fi\/wp-content\/uploads\/2019\/08\/masi-favicon.png","width":512,"height":512,"caption":"Masitools"},"image":{"@id":"https:\/\/www.masitools.fi\/fi\/#\/schema\/logo\/image\/"},"sameAs":["https:\/\/www.facebook.com\/Masitools\/"]}]}},"_links":{"self":[{"href":"https:\/\/www.masitools.fi\/fi\/wp-json\/wp\/v2\/pages\/103","targetHints":{"allow":["GET"]}}],"collection":[{"href":"https:\/\/www.masitools.fi\/fi\/wp-json\/wp\/v2\/pages"}],"about":[{"href":"https:\/\/www.masitools.fi\/fi\/wp-json\/wp\/v2\/types\/page"}],"author":[{"embeddable":true,"href":"https:\/\/www.masitools.fi\/fi\/wp-json\/wp\/v2\/users\/1"}],"replies":[{"embeddable":true,"href":"https:\/\/www.masitools.fi\/fi\/wp-json\/wp\/v2\/comments?post=103"}],"version-history":[{"count":30,"href":"https:\/\/www.masitools.fi\/fi\/wp-json\/wp\/v2\/pages\/103\/revisions"}],"predecessor-version":[{"id":4280,"href":"https:\/\/www.masitools.fi\/fi\/wp-json\/wp\/v2\/pages\/103\/revisions\/4280"}],"wp:attachment":[{"href":"https:\/\/www.masitools.fi\/fi\/wp-json\/wp\/v2\/media?parent=103"}],"curies":[{"name":"wp","href":"https:\/\/api.w.org\/{rel}","templated":true}]}}